{"id":990032,"date":"2026-02-11T12:31:49","date_gmt":"2026-02-11T11:31:49","guid":{"rendered":"https:\/\/rfess.es\/?page_id=990032"},"modified":"2026-03-12T08:38:41","modified_gmt":"2026-03-12T07:38:41","slug":"alojamiento","status":"publish","type":"page","link":"https:\/\/rfess.es\/es\/deporte\/alojamiento\/","title":{"rendered":"Alojamiento"},"content":{"rendered":"\t\t<div data-elementor-type=\"wp-page\" data-elementor-id=\"990032\" class=\"elementor elementor-990032\" data-elementor-post-type=\"page\">\n\t\t\t\t<div class=\"elementor-element elementor-element-4d67be8 e-flex e-con-boxed elementor-invisible e-con e-parent\" data-id=\"4d67be8\" data-element_type=\"container\" data-e-type=\"container\" data-settings=\"{&quot;animation&quot;:&quot;fadeIn&quot;}\">\n\t\t\t\t\t<div class=\"e-con-inner\">\n\t\t<div class=\"elementor-element elementor-element-34a947d e-con-full e-flex e-con e-child\" data-id=\"34a947d\" data-element_type=\"container\" data-e-type=\"container\" data-settings=\"{&quot;sticky&quot;:&quot;top&quot;,&quot;sticky_on&quot;:[&quot;desktop&quot;,&quot;tablet&quot;],&quot;sticky_parent&quot;:&quot;yes&quot;,&quot;sticky_offset&quot;:0,&quot;sticky_effects_offset&quot;:0,&quot;sticky_anchor_link_offset&quot;:0}\">\n\t\t\t\t<div class=\"elementor-element elementor-element-404c214 elementor-align-start elementor-list-item-link-full_width elementor-widget elementor-widget-icon-list\" data-id=\"404c214\" data-element_type=\"widget\" data-e-type=\"widget\" data-widget_type=\"icon-list.default\">\n\t\t\t\t<div class=\"elementor-widget-container\">\n\t\t\t\t\t\t\t<ul class=\"elementor-icon-list-items\">\n\t\t\t\t\t\t\t<li class=\"elementor-icon-list-item\">\n\t\t\t\t\t\t\t\t\t\t\t<a href=\"#campeonatos-de-espana\">\n\n\t\t\t\t\t\t\t\t\t\t\t<span class=\"elementor-icon-list-text\">CAMPEONATOS DE ESPA\u00d1A<\/span>\n\t\t\t\t\t\t\t\t\t\t\t<\/a>\n\t\t\t\t\t\t\t\t\t<\/li>\n\t\t\t\t\t\t\t\t<li class=\"elementor-icon-list-item\">\n\t\t\t\t\t\t\t\t\t\t\t<a href=\"#otros\">\n\n\t\t\t\t\t\t\t\t\t\t\t<span class=\"elementor-icon-list-text\">OTROS EVENTOS<\/span>\n\t\t\t\t\t\t\t\t\t\t\t<\/a>\n\t\t\t\t\t\t\t\t\t<\/li>\n\t\t\t\t\t\t<\/ul>\n\t\t\t\t\t\t<\/div>\n\t\t\t\t<\/div>\n\t\t\t\t<\/div>\n\t\t<main class=\"elementor-element elementor-element-dce61cc e-con-full e-flex e-con e-child\" data-id=\"dce61cc\" data-element_type=\"container\" data-e-type=\"container\">\n\t\t<div class=\"elementor-element elementor-element-fe7bd35 e-con-full e-flex e-con e-child\" data-id=\"fe7bd35\" data-element_type=\"container\" data-e-type=\"container\" id=\"campeonatos-de-espana\" data-settings=\"{&quot;background_background&quot;:&quot;classic&quot;}\">\n\t\t\t\t<div class=\"vamtam-has-theme-widget-styles elementor-element elementor-element-a55e3d0 elementor-widget elementor-widget-heading\" data-id=\"a55e3d0\" data-element_type=\"widget\" data-e-type=\"widget\" data-widget_type=\"heading.default\">\n\t\t\t\t<div class=\"elementor-widget-container\">\n\t\t\t\t\t<h2 class=\"elementor-heading-title elementor-size-default\">CAMPEONATOS DE ESPA\u00d1A<\/h2>\t\t\t\t<\/div>\n\t\t\t\t<\/div>\n\t\t\t\t<div class=\"elementor-element elementor-element-f1bfa30 elementor-widget elementor-widget-n-accordion\" data-id=\"f1bfa30\" data-element_type=\"widget\" data-e-type=\"widget\" data-settings=\"{&quot;default_state&quot;:&quot;all_collapsed&quot;,&quot;max_items_expended&quot;:&quot;multiple&quot;,&quot;n_accordion_animation_duration&quot;:{&quot;unit&quot;:&quot;ms&quot;,&quot;size&quot;:400,&quot;sizes&quot;:[]}}\" data-widget_type=\"nested-accordion.default\">\n\t\t\t\t<div class=\"elementor-widget-container\">\n\t\t\t\t\t\t\t<div class=\"e-n-accordion\" aria-label=\"Accordion. Open links with Enter or Space, close with Escape, and navigate with Arrow Keys\">\n\t\t\t\t\t\t<details id=\"e-n-accordion-item-2530\" class=\"e-n-accordion-item\" >\n\t\t\t\t<summary class=\"e-n-accordion-item-title\" data-accordion-index=\"1\" tabindex=\"0\" aria-expanded=\"false\" aria-controls=\"e-n-accordion-item-2530\" >\n\t\t\t\t\t<span class='e-n-accordion-item-title-header'><div class=\"e-n-accordion-item-title-text\"> XII Campeonato de Espa\u00f1a M\u00e1ster de Piscina (21-22\/03\/2026) <\/div><\/span>\n\t\t\t\t\t\t\t\t\t<\/summary>\n\t\t\t\t<div role=\"region\" aria-labelledby=\"e-n-accordion-item-2530\" class=\"elementor-element elementor-element-c1c4da0 e-con-full e-flex e-con e-child\" data-id=\"c1c4da0\" data-element_type=\"container\" data-e-type=\"container\">\n\t\t\t\t<div class=\"elementor-element elementor-element-fec9077 elementor-widget elementor-widget-embedpress_pdf\" data-id=\"fec9077\" data-element_type=\"widget\" data-e-type=\"widget\" data-widget_type=\"embedpress_pdf.default\">\n\t\t\t\t<div class=\"elementor-widget-container\">\n\t\t\t\t\t    <div class=\"embedpress-document-embed ep-doc-2838e38611871af0439b94c5cc39f08e ose-document emebedpress-unit-percent \" data-thememode=\"custom\" data-customcolor=\"#EBEFF2\" data-toolbar=\"yes\" data-toolbar-position=\"top\" data-open=\"no\" data-presentation-mode=\"\" data-download=\"yes\" data-copy=\"yes\" data-add-image=\"\" data-rotate=\"\" data-details=\"\" data-id=\"embedpress-pdf-fec9077\" data-selection-tool=\"0\" data-scrolling=\"0\" data-spreads=\"-1\" style=\" max-width:100%; display: inline-block\">\n\n        \n                <div >\n\n                    <div id=\"ep-elementor-content-fec9077\" class=\"ep-elementor-content   ep-percentage-width   ep-content-protection-disabled\">\n                        <div id=\"fec9077\" class=\"ep-embed-content-wraper\">\n                            <div><iframe title=\"XII-CAMP.-ESPANA-MASTER-PISCINA\" class=\"embedpress-embed-document-pdf embedpress-pdf-fec9077\" style=\"width: 600%!important;height: 700px;; max-width:100%; display: inline-block\" src=\"https:\/\/rfess.es\/wp-admin\/admin-ajax.php?action=get_viewer&#038;file=https%3A%2F%2Frfess.es%2Fwp-content%2Fuploads%2F2026%2F02%2FXII-CAMP.-ESPANA-MASTER-PISCINA.pdf&#038;scrolling=0&#038;selection_tool=0&#038;spreads=-1#key=dGhlbWVNb2RlPWN1c3RvbSZ0b29sYmFyPXRydWUmcG9zaXRpb249dG9wJnByZXNlbnRhdGlvbj1mYWxzZSZsYXp5TG9hZD1mYWxzZSZkb3dubG9hZD10cnVlJmNvcHlfdGV4dD10cnVlJmFkZF90ZXh0PWZhbHNlJmRyYXc9dHJ1ZSZhZGRfaW1hZ2U9ZmFsc2UmcGRmX3JvdGF0aW9uPWZhbHNlJnBkZl9kZXRhaWxzPWZhbHNlJnpvb21faW49dHJ1ZSZ6b29tX291dD10cnVlJmZpdF92aWV3PXRydWUmYm9va21hcms9dHJ1ZSZzb3VuZD10cnVlJmZsaXBib29rX3Rvb2xiYXJfcG9zaXRpb249Ym90dG9tJnNlbGVjdGlvbl90b29sPTAmc2Nyb2xsaW5nPTAmc3ByZWFkcz0tMSZpc19wcm9fYWN0aXZlPTAmY3VzdG9tQ29sb3I9JTIzRUJFRkYy&#038;zoom=auto\" class=\"embedpress-embed-document-pdf embedpress-pdf-fec9077\" data-emid=\"embedpress-pdf-fec9077\" data-embed-type=\"PDF\" frameborder=\"0\"><\/iframe><p class=\"embedpress-el-powered\">Powered By EmbedPress<\/p><\/div>                        <\/div>\n\n                    <\/div>\n\n\n                   \n                <\/div>\n            \n    <\/div>\n\n\t\t\t\t<\/div>\n\t\t\t\t<\/div>\n\t\t\t\t<\/div>\n\t\t\t\t\t<\/details>\n\t\t\t\t\t\t<details id=\"e-n-accordion-item-2531\" class=\"e-n-accordion-item\" >\n\t\t\t\t<summary class=\"e-n-accordion-item-title\" data-accordion-index=\"2\" tabindex=\"-1\" aria-expanded=\"false\" aria-controls=\"e-n-accordion-item-2531\" >\n\t\t\t\t\t<span class='e-n-accordion-item-title-header'><div class=\"e-n-accordion-item-title-text\"> XL Campeonato de Espa\u00f1a de Primavera Juvenil, J\u00fanior y Absoluto \u2013 XIV Spanish Open Spring Championship (17-19\/04\/2026) <\/div><\/span>\n\t\t\t\t\t\t\t\t\t<\/summary>\n\t\t\t\t<div role=\"region\" aria-labelledby=\"e-n-accordion-item-2531\" class=\"elementor-element elementor-element-a95c8b9 e-con-full e-flex e-con e-child\" data-id=\"a95c8b9\" data-element_type=\"container\" data-e-type=\"container\">\n\t\t\t\t<div class=\"elementor-element elementor-element-d6770e7 elementor-widget elementor-widget-embedpress_pdf\" data-id=\"d6770e7\" data-element_type=\"widget\" data-e-type=\"widget\" data-widget_type=\"embedpress_pdf.default\">\n\t\t\t\t<div class=\"elementor-widget-container\">\n\t\t\t\t\t    <div class=\"embedpress-document-embed ep-doc-7dbbc89b28d98822dfa0782d30dc2683 ose-document emebedpress-unit-percent \" data-thememode=\"custom\" data-customcolor=\"#EBEFF2\" data-toolbar=\"yes\" data-toolbar-position=\"top\" data-open=\"no\" data-presentation-mode=\"\" data-download=\"yes\" data-copy=\"yes\" data-add-image=\"\" data-rotate=\"\" data-details=\"\" data-id=\"embedpress-pdf-d6770e7\" data-selection-tool=\"0\" data-scrolling=\"0\" data-spreads=\"-1\" style=\" max-width:100%; display: inline-block\">\n\n        \n                <div >\n\n                    <div id=\"ep-elementor-content-d6770e7\" class=\"ep-elementor-content   ep-percentage-width   ep-content-protection-disabled\">\n                        <div id=\"d6770e7\" class=\"ep-embed-content-wraper\">\n                            <div><iframe title=\"XL-CAMP.-ESPANA-PRIMAVERA-JUV-JUN-ABS-XIV-SPANISH-OPEN-SPRING-XIV-PRIMAVERA-OPEN\" class=\"embedpress-embed-document-pdf embedpress-pdf-d6770e7\" style=\"width: 600%!important;height: 700px;; max-width:100%; display: inline-block\" src=\"https:\/\/rfess.es\/wp-admin\/admin-ajax.php?action=get_viewer&#038;file=https%3A%2F%2Frfess.es%2Fwp-content%2Fuploads%2F2026%2F02%2FXL-CAMP.-ESPANA-PRIMAVERA-JUV-JUN-ABS-XIV-SPANISH-OPEN-SPRING-XIV-PRIMAVERA-OPEN.pdf&#038;scrolling=0&#038;selection_tool=0&#038;spreads=-1#key=dGhlbWVNb2RlPWN1c3RvbSZ0b29sYmFyPXRydWUmcG9zaXRpb249dG9wJnByZXNlbnRhdGlvbj1mYWxzZSZsYXp5TG9hZD1mYWxzZSZkb3dubG9hZD10cnVlJmNvcHlfdGV4dD10cnVlJmFkZF90ZXh0PWZhbHNlJmRyYXc9dHJ1ZSZhZGRfaW1hZ2U9ZmFsc2UmcGRmX3JvdGF0aW9uPWZhbHNlJnBkZl9kZXRhaWxzPWZhbHNlJnpvb21faW49dHJ1ZSZ6b29tX291dD10cnVlJmZpdF92aWV3PXRydWUmYm9va21hcms9dHJ1ZSZzb3VuZD10cnVlJmZsaXBib29rX3Rvb2xiYXJfcG9zaXRpb249Ym90dG9tJnNlbGVjdGlvbl90b29sPTAmc2Nyb2xsaW5nPTAmc3ByZWFkcz0tMSZpc19wcm9fYWN0aXZlPTAmY3VzdG9tQ29sb3I9JTIzRUJFRkYy&#038;zoom=auto\" class=\"embedpress-embed-document-pdf embedpress-pdf-d6770e7\" data-emid=\"embedpress-pdf-d6770e7\" data-embed-type=\"PDF\" frameborder=\"0\"><\/iframe><p class=\"embedpress-el-powered\">Powered By EmbedPress<\/p><\/div>                        <\/div>\n\n                    <\/div>\n\n\n                   \n                <\/div>\n            \n    <\/div>\n\n\t\t\t\t<\/div>\n\t\t\t\t<\/div>\n\t\t\t\t<\/div>\n\t\t\t\t\t<\/details>\n\t\t\t\t\t\t<details id=\"e-n-accordion-item-2532\" class=\"e-n-accordion-item\" >\n\t\t\t\t<summary class=\"e-n-accordion-item-title\" data-accordion-index=\"3\" tabindex=\"-1\" aria-expanded=\"false\" aria-controls=\"e-n-accordion-item-2532\" >\n\t\t\t\t\t<span class='e-n-accordion-item-title-header'><div class=\"e-n-accordion-item-title-text\"> I Campeonato de Espa\u00f1a Estival de Playa Open - I Campeonato de Espa\u00f1a Estival de Playa Juvenil, J\u00fanior y Absoluto - I Spanish Open Estival Championship \u2013 VII Europe Cup (18-19\/07\/2026) <\/div><\/span>\n\t\t\t\t\t\t\t\t\t<\/summary>\n\t\t\t\t<div role=\"region\" aria-labelledby=\"e-n-accordion-item-2532\" class=\"elementor-element elementor-element-431facf e-flex e-con-boxed e-con e-child\" data-id=\"431facf\" data-element_type=\"container\" data-e-type=\"container\">\n\t\t\t\t\t<div class=\"e-con-inner\">\n\t\t<div role=\"region\" aria-labelledby=\"e-n-accordion-item-2532\" class=\"elementor-element elementor-element-4cc375a e-con-full e-flex e-con e-child\" data-id=\"4cc375a\" data-element_type=\"container\" data-e-type=\"container\">\n\t\t\t\t<div class=\"elementor-element elementor-element-8b3a0f8 elementor-widget elementor-widget-embedpress_pdf\" data-id=\"8b3a0f8\" data-element_type=\"widget\" data-e-type=\"widget\" data-widget_type=\"embedpress_pdf.default\">\n\t\t\t\t<div class=\"elementor-widget-container\">\n\t\t\t\t\t    <div class=\"embedpress-document-embed ep-doc-da23882e15b96f8342ddce9ff8257c52 ose-document emebedpress-unit-percent \" data-thememode=\"default\" data-customcolor=\"\" data-toolbar=\"yes\" data-toolbar-position=\"top\" data-open=\"no\" data-presentation-mode=\"yes\" data-download=\"yes\" data-copy=\"yes\" data-add-image=\"yes\" data-rotate=\"yes\" data-details=\"yes\" data-id=\"embedpress-pdf-8b3a0f8\" data-selection-tool=\"0\" data-scrolling=\"0\" data-spreads=\"-1\" style=\" max-width:100%; display: inline-block\">\n\n        \n                <div >\n\n                    <div id=\"ep-elementor-content-8b3a0f8\" class=\"ep-elementor-content   ep-percentage-width   ep-content-protection-disabled\">\n                        <div id=\"8b3a0f8\" class=\"ep-embed-content-wraper\">\n                            <div><iframe title=\"CAMP. ESTIVALES NOJA_JULIO &#8217;26\" class=\"embedpress-embed-document-pdf embedpress-pdf-8b3a0f8\" style=\"width: 600%!important;height: 600px;; max-width:100%; display: inline-block\" src=\"https:\/\/rfess.es\/wp-admin\/admin-ajax.php?action=get_viewer&#038;file=https%3A%2F%2Frfess.es%2Fwp-content%2Fuploads%2F2026%2F03%2FCAMP.-ESTIVALES-NOJA_JULIO-26.pdf&#038;scrolling=0&#038;selection_tool=0&#038;spreads=-1#key=dGhlbWVNb2RlPWRlZmF1bHQmdG9vbGJhcj10cnVlJnBvc2l0aW9uPXRvcCZwcmVzZW50YXRpb249dHJ1ZSZsYXp5TG9hZD1mYWxzZSZkb3dubG9hZD10cnVlJmNvcHlfdGV4dD10cnVlJmFkZF90ZXh0PXRydWUmZHJhdz10cnVlJmFkZF9pbWFnZT10cnVlJnBkZl9yb3RhdGlvbj10cnVlJnBkZl9kZXRhaWxzPXRydWUmem9vbV9pbj10cnVlJnpvb21fb3V0PXRydWUmZml0X3ZpZXc9dHJ1ZSZib29rbWFyaz10cnVlJnNvdW5kPXRydWUmZmxpcGJvb2tfdG9vbGJhcl9wb3NpdGlvbj1ib3R0b20mc2VsZWN0aW9uX3Rvb2w9MCZzY3JvbGxpbmc9MCZzcHJlYWRzPS0xJmlzX3Byb19hY3RpdmU9MA==&#038;zoom=auto\" class=\"embedpress-embed-document-pdf embedpress-pdf-8b3a0f8\" data-emid=\"embedpress-pdf-8b3a0f8\" data-embed-type=\"PDF\" frameborder=\"0\"><\/iframe><p class=\"embedpress-el-powered\">Powered By EmbedPress<\/p><\/div>                        <\/div>\n\n                    <\/div>\n\n\n                   \n                <\/div>\n            \n    <\/div>\n\n\t\t\t\t<\/div>\n\t\t\t\t<\/div>\n\t\t\t\t<\/div>\n\t\t\t\t\t<\/div>\n\t\t\t\t<\/div>\n\t\t\t\t\t<\/details>\n\t\t\t\t\t<\/div>\n\t\t\t\t\t\t<\/div>\n\t\t\t\t<\/div>\n\t\t\t\t<\/div>\n\t\t<div class=\"elementor-element elementor-element-80e35dc e-con-full e-flex e-con e-child\" data-id=\"80e35dc\" data-element_type=\"container\" data-e-type=\"container\" id=\"otros\" data-settings=\"{&quot;background_background&quot;:&quot;classic&quot;}\">\n\t\t\t\t<div class=\"vamtam-has-theme-widget-styles elementor-element elementor-element-d70dd53 elementor-widget elementor-widget-heading\" data-id=\"d70dd53\" data-element_type=\"widget\" data-e-type=\"widget\" data-widget_type=\"heading.default\">\n\t\t\t\t<div class=\"elementor-widget-container\">\n\t\t\t\t\t<h2 class=\"elementor-heading-title elementor-size-default\">OTROS EVENTOS<\/h2>\t\t\t\t<\/div>\n\t\t\t\t<\/div>\n\t\t\t\t<div class=\"elementor-element elementor-element-5c2f51d elementor-widget elementor-widget-n-accordion\" data-id=\"5c2f51d\" data-element_type=\"widget\" data-e-type=\"widget\" data-settings=\"{&quot;default_state&quot;:&quot;all_collapsed&quot;,&quot;max_items_expended&quot;:&quot;multiple&quot;,&quot;n_accordion_animation_duration&quot;:{&quot;unit&quot;:&quot;ms&quot;,&quot;size&quot;:400,&quot;sizes&quot;:[]}}\" data-widget_type=\"nested-accordion.default\">\n\t\t\t\t<div class=\"elementor-widget-container\">\n\t\t\t\t\t\t\t<div class=\"e-n-accordion\" aria-label=\"Accordion. Open links with Enter or Space, close with Escape, and navigate with Arrow Keys\">\n\t\t\t\t\t\t<details id=\"e-n-accordion-item-9660\" class=\"e-n-accordion-item\" >\n\t\t\t\t<summary class=\"e-n-accordion-item-title\" data-accordion-index=\"1\" tabindex=\"0\" aria-expanded=\"false\" aria-controls=\"e-n-accordion-item-9660\" >\n\t\t\t\t\t<span class='e-n-accordion-item-title-header'><div class=\"e-n-accordion-item-title-text\"> Ninguna oferta disponible <\/div><\/span>\n\t\t\t\t\t\t\t\t\t<\/summary>\n\t\t\t\t<div role=\"region\" aria-labelledby=\"e-n-accordion-item-9660\" class=\"elementor-element elementor-element-f38b0eb e-con-full e-flex e-con e-child\" data-id=\"f38b0eb\" data-element_type=\"container\" data-e-type=\"container\">\n\t\t\t\t<div class=\"elementor-element elementor-element-d90484e elementor-widget elementor-widget-embedpress_pdf\" data-id=\"d90484e\" data-element_type=\"widget\" data-e-type=\"widget\" data-widget_type=\"embedpress_pdf.default\">\n\t\t\t\t<div class=\"elementor-widget-container\">\n\t\t\t\t\t    <div class=\"embedpress-document-embed ep-doc-dc4a830822a8d913cc990647b7751c96 ose-document emebedpress-unit-percent \" data-thememode=\"custom\" data-customcolor=\"#EBEFF2\" data-toolbar=\"yes\" data-toolbar-position=\"top\" data-open=\"no\" data-presentation-mode=\"\" data-download=\"yes\" data-copy=\"yes\" data-add-image=\"\" data-rotate=\"\" data-details=\"\" data-id=\"embedpress-pdf-d90484e\" data-selection-tool=\"0\" data-scrolling=\"0\" data-spreads=\"-1\" style=\" max-width:100%; display: inline-block\">\n\n        \n    <\/div>\n\n\t\t\t\t<\/div>\n\t\t\t\t<\/div>\n\t\t\t\t<\/div>\n\t\t\t\t\t<\/details>\n\t\t\t\t\t<\/div>\n\t\t\t\t\t\t<\/div>\n\t\t\t\t<\/div>\n\t\t\t\t<\/div>\n\t\t\t\t<\/main>\n\t\t\t\t\t<\/div>\n\t\t\t\t<\/div>\n\t\t\t\t<\/div>\n\t\t","protected":false},"excerpt":{"rendered":"<p>CAMPEONATOS DE ESPA\u00d1A OTROS EVENTOS CAMPEONATOS DE ESPA\u00d1A XII Campeonato de Espa\u00f1a M\u00e1ster de Piscina (21-22\/03\/2026) Powered By EmbedPress XL Campeonato de Espa\u00f1a de Primavera Juvenil, J\u00fanior y Absoluto \u2013 XIV Spanish Open Spring Championship (17-19\/04\/2026) Powered By EmbedPress I Campeonato de Espa\u00f1a Estival de Playa Open &#8211; I Campeonato de Espa\u00f1a Estival de Playa&#8230;<\/p>","protected":false},"author":6,"featured_media":0,"parent":987951,"menu_order":0,"comment_status":"closed","ping_status":"closed","template":"","meta":{"_acf_changed":false,"footnotes":""},"class_list":["post-990032","page","type-page","status-publish","hentry"],"acf":[],"yoast_head":"<!-- This site is optimized with the Yoast SEO plugin v27.3 - https:\/\/yoast.com\/product\/yoast-seo-wordpress\/ -->\n<title>Alojamiento - RFESS<\/title>\n<meta name=\"description\" content=\"Ofertas de alojamiento para los Campeonatos de Espa\u00f1a organizados por la Real Federaci\u00f3n Espa\u00f1ola de Salvamento y Socorrismo (RFESS).\" \/>\n<meta name=\"robots\" content=\"index, follow, max-snippet:-1, max-image-preview:large, max-video-preview:-1\" \/>\n<link rel=\"canonical\" href=\"https:\/\/rfess.es\/es\/deporte\/alojamiento\/\" \/>\n<meta property=\"og:locale\" content=\"es_ES\" \/>\n<meta property=\"og:type\" content=\"article\" \/>\n<meta property=\"og:title\" content=\"Alojamiento - RFESS\" \/>\n<meta property=\"og:description\" content=\"Ofertas de alojamiento para los Campeonatos de Espa\u00f1a organizados por la Real Federaci\u00f3n Espa\u00f1ola de Salvamento y Socorrismo (RFESS).\" \/>\n<meta property=\"og:url\" content=\"https:\/\/rfess.es\/es\/deporte\/alojamiento\/\" \/>\n<meta property=\"og:site_name\" content=\"RFESS\" \/>\n<meta property=\"article:modified_time\" content=\"2026-03-12T07:38:41+00:00\" \/>\n<meta name=\"twitter:card\" content=\"summary_large_image\" \/>\n<meta name=\"twitter:label1\" content=\"Tiempo de lectura\" \/>\n\t<meta name=\"twitter:data1\" content=\"1 minuto\" \/>\n<script type=\"application\/ld+json\" class=\"yoast-schema-graph\">{\"@context\":\"https:\\\/\\\/schema.org\",\"@graph\":[{\"@type\":\"WebPage\",\"@id\":\"https:\\\/\\\/rfess.es\\\/deporte\\\/alojamiento\\\/\",\"url\":\"https:\\\/\\\/rfess.es\\\/deporte\\\/alojamiento\\\/\",\"name\":\"Alojamiento - RFESS\",\"isPartOf\":{\"@id\":\"https:\\\/\\\/rfess.es\\\/#website\"},\"datePublished\":\"2026-02-11T11:31:49+00:00\",\"dateModified\":\"2026-03-12T07:38:41+00:00\",\"description\":\"Ofertas de alojamiento para los Campeonatos de Espa\u00f1a organizados por la Real Federaci\u00f3n Espa\u00f1ola de Salvamento y Socorrismo (RFESS).\",\"breadcrumb\":{\"@id\":\"https:\\\/\\\/rfess.es\\\/deporte\\\/alojamiento\\\/#breadcrumb\"},\"inLanguage\":\"es\",\"potentialAction\":[{\"@type\":\"ReadAction\",\"target\":[\"https:\\\/\\\/rfess.es\\\/deporte\\\/alojamiento\\\/\"]}]},{\"@type\":\"BreadcrumbList\",\"@id\":\"https:\\\/\\\/rfess.es\\\/deporte\\\/alojamiento\\\/#breadcrumb\",\"itemListElement\":[{\"@type\":\"ListItem\",\"position\":1,\"name\":\"Portada\",\"item\":\"https:\\\/\\\/rfess.es\\\/\"},{\"@type\":\"ListItem\",\"position\":2,\"name\":\"Deporte\",\"item\":\"https:\\\/\\\/rfess.es\\\/deporte\\\/\"},{\"@type\":\"ListItem\",\"position\":3,\"name\":\"Alojamiento\"}]},{\"@type\":\"WebSite\",\"@id\":\"https:\\\/\\\/rfess.es\\\/#website\",\"url\":\"https:\\\/\\\/rfess.es\\\/\",\"name\":\"RFESS\",\"description\":\"Real Federaci\u00f3n Espa\u00f1ola de Salvamento y Socorrismo RFESS\",\"publisher\":{\"@id\":\"https:\\\/\\\/rfess.es\\\/#organization\"},\"potentialAction\":[{\"@type\":\"SearchAction\",\"target\":{\"@type\":\"EntryPoint\",\"urlTemplate\":\"https:\\\/\\\/rfess.es\\\/?s={search_term_string}\"},\"query-input\":{\"@type\":\"PropertyValueSpecification\",\"valueRequired\":true,\"valueName\":\"search_term_string\"}}],\"inLanguage\":\"es\"},{\"@type\":\"Organization\",\"@id\":\"https:\\\/\\\/rfess.es\\\/#organization\",\"name\":\"RFESS\",\"url\":\"https:\\\/\\\/rfess.es\\\/\",\"logo\":{\"@type\":\"ImageObject\",\"inLanguage\":\"es\",\"@id\":\"https:\\\/\\\/rfess.es\\\/#\\\/schema\\\/logo\\\/image\\\/\",\"url\":\"https:\\\/\\\/rfess.es\\\/wp-content\\\/uploads\\\/2025\\\/10\\\/logo-rfess.png\",\"contentUrl\":\"https:\\\/\\\/rfess.es\\\/wp-content\\\/uploads\\\/2025\\\/10\\\/logo-rfess.png\",\"width\":544,\"height\":180,\"caption\":\"RFESS\"},\"image\":{\"@id\":\"https:\\\/\\\/rfess.es\\\/#\\\/schema\\\/logo\\\/image\\\/\"}}]}<\/script>\n<!-- \/ Yoast SEO plugin. -->","yoast_head_json":{"title":"Alojamiento - RFESS","description":"Ofertas de alojamiento para los Campeonatos de Espa\u00f1a organizados por la Real Federaci\u00f3n Espa\u00f1ola de Salvamento y Socorrismo (RFESS).","robots":{"index":"index","follow":"follow","max-snippet":"max-snippet:-1","max-image-preview":"max-image-preview:large","max-video-preview":"max-video-preview:-1"},"canonical":"https:\/\/rfess.es\/es\/deporte\/alojamiento\/","og_locale":"es_ES","og_type":"article","og_title":"Alojamiento - RFESS","og_description":"Ofertas de alojamiento para los Campeonatos de Espa\u00f1a organizados por la Real Federaci\u00f3n Espa\u00f1ola de Salvamento y Socorrismo (RFESS).","og_url":"https:\/\/rfess.es\/es\/deporte\/alojamiento\/","og_site_name":"RFESS","article_modified_time":"2026-03-12T07:38:41+00:00","twitter_card":"summary_large_image","twitter_misc":{"Tiempo de lectura":"1 minuto"},"schema":{"@context":"https:\/\/schema.org","@graph":[{"@type":"WebPage","@id":"https:\/\/rfess.es\/deporte\/alojamiento\/","url":"https:\/\/rfess.es\/deporte\/alojamiento\/","name":"Alojamiento - RFESS","isPartOf":{"@id":"https:\/\/rfess.es\/#website"},"datePublished":"2026-02-11T11:31:49+00:00","dateModified":"2026-03-12T07:38:41+00:00","description":"Ofertas de alojamiento para los Campeonatos de Espa\u00f1a organizados por la Real Federaci\u00f3n Espa\u00f1ola de Salvamento y Socorrismo (RFESS).","breadcrumb":{"@id":"https:\/\/rfess.es\/deporte\/alojamiento\/#breadcrumb"},"inLanguage":"es","potentialAction":[{"@type":"ReadAction","target":["https:\/\/rfess.es\/deporte\/alojamiento\/"]}]},{"@type":"BreadcrumbList","@id":"https:\/\/rfess.es\/deporte\/alojamiento\/#breadcrumb","itemListElement":[{"@type":"ListItem","position":1,"name":"Portada","item":"https:\/\/rfess.es\/"},{"@type":"ListItem","position":2,"name":"Deporte","item":"https:\/\/rfess.es\/deporte\/"},{"@type":"ListItem","position":3,"name":"Alojamiento"}]},{"@type":"WebSite","@id":"https:\/\/rfess.es\/#website","url":"https:\/\/rfess.es\/","name":"RFESS","description":"Real Federaci\u00f3n Espa\u00f1ola de Salvamento y Socorrismo RFESS","publisher":{"@id":"https:\/\/rfess.es\/#organization"},"potentialAction":[{"@type":"SearchAction","target":{"@type":"EntryPoint","urlTemplate":"https:\/\/rfess.es\/?s={search_term_string}"},"query-input":{"@type":"PropertyValueSpecification","valueRequired":true,"valueName":"search_term_string"}}],"inLanguage":"es"},{"@type":"Organization","@id":"https:\/\/rfess.es\/#organization","name":"RFESS","url":"https:\/\/rfess.es\/","logo":{"@type":"ImageObject","inLanguage":"es","@id":"https:\/\/rfess.es\/#\/schema\/logo\/image\/","url":"https:\/\/rfess.es\/wp-content\/uploads\/2025\/10\/logo-rfess.png","contentUrl":"https:\/\/rfess.es\/wp-content\/uploads\/2025\/10\/logo-rfess.png","width":544,"height":180,"caption":"RFESS"},"image":{"@id":"https:\/\/rfess.es\/#\/schema\/logo\/image\/"}}]}},"_links":{"self":[{"href":"https:\/\/rfess.es\/es\/wp-json\/wp\/v2\/pages\/990032","targetHints":{"allow":["GET"]}}],"collection":[{"href":"https:\/\/rfess.es\/es\/wp-json\/wp\/v2\/pages"}],"about":[{"href":"https:\/\/rfess.es\/es\/wp-json\/wp\/v2\/types\/page"}],"author":[{"embeddable":true,"href":"https:\/\/rfess.es\/es\/wp-json\/wp\/v2\/users\/6"}],"replies":[{"embeddable":true,"href":"https:\/\/rfess.es\/es\/wp-json\/wp\/v2\/comments?post=990032"}],"version-history":[{"count":25,"href":"https:\/\/rfess.es\/es\/wp-json\/wp\/v2\/pages\/990032\/revisions"}],"predecessor-version":[{"id":990431,"href":"https:\/\/rfess.es\/es\/wp-json\/wp\/v2\/pages\/990032\/revisions\/990431"}],"up":[{"embeddable":true,"href":"https:\/\/rfess.es\/es\/wp-json\/wp\/v2\/pages\/987951"}],"wp:attachment":[{"href":"https:\/\/rfess.es\/es\/wp-json\/wp\/v2\/media?parent=990032"}],"curies":[{"name":"wp","href":"https:\/\/api.w.org\/{rel}","templated":true}]}}