{"id":988946,"date":"2025-12-29T12:33:02","date_gmt":"2025-12-29T11:33:02","guid":{"rendered":"https:\/\/dev.rfess.es\/?page_id=988946"},"modified":"2026-02-02T11:13:35","modified_gmt":"2026-02-02T10:13:35","slug":"eventos","status":"publish","type":"page","link":"https:\/\/rfess.es\/es\/eventos\/","title":{"rendered":"Eventos"},"content":{"rendered":"<div data-elementor-type=\"wp-page\" data-elementor-id=\"988946\" class=\"elementor elementor-988946\" data-elementor-post-type=\"page\">\n\t\t\t\t<div class=\"elementor-element elementor-element-c71689b e-flex e-con-boxed e-con e-parent\" data-id=\"c71689b\" data-element_type=\"container\" data-e-type=\"container\" data-settings=\"{&quot;background_background&quot;:&quot;classic&quot;}\">\n\t\t\t\t\t<div class=\"e-con-inner\">\n\t\t<div class=\"elementor-element elementor-element-a80cacd e-con-full e-flex e-con e-child\" data-id=\"a80cacd\" data-element_type=\"container\" data-e-type=\"container\">\n\t\t\t\t<div class=\"elementor-element elementor-element-b1799d5 elementor-widget__width-initial elementor-grid-3 elementor-grid-tablet-2 elementor-grid-mobile-1 elementor-posts--thumbnail-top elementor-widget elementor-widget-posts\" data-id=\"b1799d5\" data-element_type=\"widget\" data-e-type=\"widget\" data-settings=\"{&quot;classic_columns&quot;:&quot;3&quot;,&quot;classic_columns_tablet&quot;:&quot;2&quot;,&quot;classic_columns_mobile&quot;:&quot;1&quot;,&quot;classic_row_gap&quot;:{&quot;unit&quot;:&quot;px&quot;,&quot;size&quot;:35,&quot;sizes&quot;:[]},&quot;classic_row_gap_tablet&quot;:{&quot;unit&quot;:&quot;px&quot;,&quot;size&quot;:&quot;&quot;,&quot;sizes&quot;:[]},&quot;classic_row_gap_mobile&quot;:{&quot;unit&quot;:&quot;px&quot;,&quot;size&quot;:&quot;&quot;,&quot;sizes&quot;:[]}}\" data-widget_type=\"posts.classic\">\n\t\t\t\t<div class=\"elementor-widget-container\">\n\t\t\t\t\t\t\t<div class=\"elementor-posts-container elementor-posts elementor-posts--skin-classic elementor-grid\" role=\"list\">\n\t\t\t\t<article class=\"elementor-post elementor-grid-item post-990477 eventos type-eventos status-publish has-post-thumbnail hentry\" role=\"listitem\">\n\t\t\t\t<a class=\"elementor-post__thumbnail__link\" href=\"https:\/\/rfess.es\/es\/eventos\/xiv-campeonato-de-espana-de-primavera-open\/\" tabindex=\"-1\" >\n\t\t\t<div class=\"elementor-post__thumbnail\"><img fetchpriority=\"high\" decoding=\"async\" width=\"1192\" height=\"1685\" src=\"https:\/\/rfess.es\/wp-content\/uploads\/2026\/03\/SySOpenPrimavera26_A4_v2.jpg\" class=\"attachment-full size-full wp-image-991102\" alt=\"\" srcset=\"https:\/\/rfess.es\/wp-content\/uploads\/2026\/03\/SySOpenPrimavera26_A4_v2.jpg 1192w, https:\/\/rfess.es\/wp-content\/uploads\/2026\/03\/SySOpenPrimavera26_A4_v2-212x300.jpg 212w, https:\/\/rfess.es\/wp-content\/uploads\/2026\/03\/SySOpenPrimavera26_A4_v2-724x1024.jpg 724w, https:\/\/rfess.es\/wp-content\/uploads\/2026\/03\/SySOpenPrimavera26_A4_v2-768x1086.jpg 768w, https:\/\/rfess.es\/wp-content\/uploads\/2026\/03\/SySOpenPrimavera26_A4_v2-1087x1536.jpg 1087w, https:\/\/rfess.es\/wp-content\/uploads\/2026\/03\/SySOpenPrimavera26_A4_v2-8x12.jpg 8w\" sizes=\"(max-width: 1192px) 100vw, 1192px\" \/><\/div>\n\t\t<\/a>\n\t\t\t\t<div class=\"elementor-post__text\">\n\t\t\t\t<h3 class=\"elementor-post__title\">\n\t\t\t<a href=\"https:\/\/rfess.es\/es\/eventos\/xiv-campeonato-de-espana-de-primavera-open\/\" >\n\t\t\t\tXIV Campeonato de Espa\u00f1a de Primavera Open\t\t\t<\/a>\n\t\t<\/h3>\n\t\t\t\t<div class=\"elementor-post__meta-data\">\n\t\t\t\t\t<span class=\"elementor-post-date\">\n\t\t\t12\/03\/2026\t\t<\/span>\n\t\t\t\t<\/div>\n\t\t\t\t\t<div class=\"elementor-post__read-more-wrapper\">\n\t\t\n\t\t<a class=\"elementor-post__read-more\" href=\"https:\/\/rfess.es\/es\/eventos\/xiv-campeonato-de-espana-de-primavera-open\/\" aria-label=\"M\u00e1s informaci\u00f3n sobre XIV Campeonato de Espa\u00f1a de Primavera Open\" tabindex=\"-1\" >\n\t\t\tLeer m\u00e1s\t\t<\/a>\n\n\t\t\t\t\t<\/div>\n\t\t\t\t<\/div>\n\t\t\t\t<\/article>\n\t\t\t\t<article class=\"elementor-post elementor-grid-item post-990019 eventos type-eventos status-publish has-post-thumbnail hentry\" role=\"listitem\">\n\t\t\t\t<a class=\"elementor-post__thumbnail__link\" href=\"https:\/\/rfess.es\/es\/eventos\/vii-campeonato-de-espana-infantil-y-cadete-de-primavera\/\" tabindex=\"-1\" >\n\t\t\t<div class=\"elementor-post__thumbnail\"><img decoding=\"async\" width=\"1811\" height=\"2560\" src=\"https:\/\/rfess.es\/wp-content\/uploads\/2026\/03\/Cartel-SySBetera26-scaled.jpg\" class=\"attachment-full size-full wp-image-990510\" alt=\"\" srcset=\"https:\/\/rfess.es\/wp-content\/uploads\/2026\/03\/Cartel-SySBetera26-scaled.jpg 1811w, https:\/\/rfess.es\/wp-content\/uploads\/2026\/03\/Cartel-SySBetera26-212x300.jpg 212w, https:\/\/rfess.es\/wp-content\/uploads\/2026\/03\/Cartel-SySBetera26-724x1024.jpg 724w, https:\/\/rfess.es\/wp-content\/uploads\/2026\/03\/Cartel-SySBetera26-768x1086.jpg 768w, https:\/\/rfess.es\/wp-content\/uploads\/2026\/03\/Cartel-SySBetera26-1086x1536.jpg 1086w, https:\/\/rfess.es\/wp-content\/uploads\/2026\/03\/Cartel-SySBetera26-1449x2048.jpg 1449w, https:\/\/rfess.es\/wp-content\/uploads\/2026\/03\/Cartel-SySBetera26-8x12.jpg 8w\" sizes=\"(max-width: 1811px) 100vw, 1811px\" \/><\/div>\n\t\t<\/a>\n\t\t\t\t<div class=\"elementor-post__text\">\n\t\t\t\t<h3 class=\"elementor-post__title\">\n\t\t\t<a href=\"https:\/\/rfess.es\/es\/eventos\/vii-campeonato-de-espana-infantil-y-cadete-de-primavera\/\" >\n\t\t\t\tVII Campeonato de Espa\u00f1a Infantil y Cadete de Primavera\t\t\t<\/a>\n\t\t<\/h3>\n\t\t\t\t<div class=\"elementor-post__meta-data\">\n\t\t\t\t\t<span class=\"elementor-post-date\">\n\t\t\t16\/02\/2026\t\t<\/span>\n\t\t\t\t<\/div>\n\t\t\t\t\t<div class=\"elementor-post__read-more-wrapper\">\n\t\t\n\t\t<a class=\"elementor-post__read-more\" href=\"https:\/\/rfess.es\/es\/eventos\/vii-campeonato-de-espana-infantil-y-cadete-de-primavera\/\" aria-label=\"M\u00e1s informaci\u00f3n sobre VII Campeonato de Espa\u00f1a Infantil y Cadete de Primavera\" tabindex=\"-1\" >\n\t\t\tLeer m\u00e1s\t\t<\/a>\n\n\t\t\t\t\t<\/div>\n\t\t\t\t<\/div>\n\t\t\t\t<\/article>\n\t\t\t\t<article class=\"elementor-post elementor-grid-item post-989648 eventos type-eventos status-publish has-post-thumbnail hentry\" role=\"listitem\">\n\t\t\t\t<a class=\"elementor-post__thumbnail__link\" href=\"https:\/\/rfess.es\/es\/eventos\/xiii-campeonato-de-espana-master-de-piscina\/\" tabindex=\"-1\" >\n\t\t\t<div class=\"elementor-post__thumbnail\"><img decoding=\"async\" width=\"1825\" height=\"2560\" src=\"https:\/\/rfess.es\/wp-content\/uploads\/2026\/01\/CARTEL-SySMasterPiscina26-scaled.webp\" class=\"attachment-full size-full wp-image-989644\" alt=\"\" srcset=\"https:\/\/rfess.es\/wp-content\/uploads\/2026\/01\/CARTEL-SySMasterPiscina26-scaled.webp 1825w, https:\/\/rfess.es\/wp-content\/uploads\/2026\/01\/CARTEL-SySMasterPiscina26-214x300.webp 214w, https:\/\/rfess.es\/wp-content\/uploads\/2026\/01\/CARTEL-SySMasterPiscina26-730x1024.webp 730w, https:\/\/rfess.es\/wp-content\/uploads\/2026\/01\/CARTEL-SySMasterPiscina26-768x1077.webp 768w, https:\/\/rfess.es\/wp-content\/uploads\/2026\/01\/CARTEL-SySMasterPiscina26-1095x1536.webp 1095w, https:\/\/rfess.es\/wp-content\/uploads\/2026\/01\/CARTEL-SySMasterPiscina26-1460x2048.webp 1460w\" sizes=\"(max-width: 1825px) 100vw, 1825px\" \/><\/div>\n\t\t<\/a>\n\t\t\t\t<div class=\"elementor-post__text\">\n\t\t\t\t<h3 class=\"elementor-post__title\">\n\t\t\t<a href=\"https:\/\/rfess.es\/es\/eventos\/xiii-campeonato-de-espana-master-de-piscina\/\" >\n\t\t\t\tXIII Campeonato de Espa\u00f1a M\u00e1ster de Piscina\t\t\t<\/a>\n\t\t<\/h3>\n\t\t\t\t<div class=\"elementor-post__meta-data\">\n\t\t\t\t\t<span class=\"elementor-post-date\">\n\t\t\t06\/02\/2026\t\t<\/span>\n\t\t\t\t<\/div>\n\t\t\t\t\t<div class=\"elementor-post__read-more-wrapper\">\n\t\t\n\t\t<a class=\"elementor-post__read-more\" href=\"https:\/\/rfess.es\/es\/eventos\/xiii-campeonato-de-espana-master-de-piscina\/\" aria-label=\"M\u00e1s informaci\u00f3n sobre XIII Campeonato de Espa\u00f1a M\u00e1ster de Piscina\" tabindex=\"-1\" >\n\t\t\tLeer m\u00e1s\t\t<\/a>\n\n\t\t\t\t\t<\/div>\n\t\t\t\t<\/div>\n\t\t\t\t<\/article>\n\t\t\t\t<article class=\"elementor-post elementor-grid-item post-989963 eventos type-eventos status-publish has-post-thumbnail hentry\" role=\"listitem\">\n\t\t\t\t<a class=\"elementor-post__thumbnail__link\" href=\"https:\/\/rfess.es\/es\/eventos\/jornadas-tecnicas-rfess-2026\/\" tabindex=\"-1\" >\n\t\t\t<div class=\"elementor-post__thumbnail\"><img loading=\"lazy\" decoding=\"async\" width=\"1426\" height=\"2000\" src=\"https:\/\/rfess.es\/wp-content\/uploads\/2026\/02\/CARTEL-Jornadas-Tecnicas-RFESS-2026.png\" class=\"attachment-full size-full wp-image-990004\" alt=\"\" srcset=\"https:\/\/rfess.es\/wp-content\/uploads\/2026\/02\/CARTEL-Jornadas-Tecnicas-RFESS-2026.png 1426w, https:\/\/rfess.es\/wp-content\/uploads\/2026\/02\/CARTEL-Jornadas-Tecnicas-RFESS-2026-214x300.png 214w, https:\/\/rfess.es\/wp-content\/uploads\/2026\/02\/CARTEL-Jornadas-Tecnicas-RFESS-2026-730x1024.png 730w, https:\/\/rfess.es\/wp-content\/uploads\/2026\/02\/CARTEL-Jornadas-Tecnicas-RFESS-2026-768x1077.png 768w, https:\/\/rfess.es\/wp-content\/uploads\/2026\/02\/CARTEL-Jornadas-Tecnicas-RFESS-2026-1095x1536.png 1095w\" sizes=\"(max-width: 1426px) 100vw, 1426px\" \/><\/div>\n\t\t<\/a>\n\t\t\t\t<div class=\"elementor-post__text\">\n\t\t\t\t<h3 class=\"elementor-post__title\">\n\t\t\t<a href=\"https:\/\/rfess.es\/es\/eventos\/jornadas-tecnicas-rfess-2026\/\" >\n\t\t\t\tJornadas T\u00e9cnicas RFESS \/ 2026\t\t\t<\/a>\n\t\t<\/h3>\n\t\t\t\t<div class=\"elementor-post__meta-data\">\n\t\t\t\t\t<span class=\"elementor-post-date\">\n\t\t\t06\/02\/2026\t\t<\/span>\n\t\t\t\t<\/div>\n\t\t\t\t\t<div class=\"elementor-post__read-more-wrapper\">\n\t\t\n\t\t<a class=\"elementor-post__read-more\" href=\"https:\/\/rfess.es\/es\/eventos\/jornadas-tecnicas-rfess-2026\/\" aria-label=\"M\u00e1s informaci\u00f3n sobre Jornadas T\u00e9cnicas RFESS \/ 2026\" tabindex=\"-1\" >\n\t\t\tLeer m\u00e1s\t\t<\/a>\n\n\t\t\t\t\t<\/div>\n\t\t\t\t<\/div>\n\t\t\t\t<\/article>\n\t\t\t\t<article class=\"elementor-post elementor-grid-item post-989928 eventos type-eventos status-publish has-post-thumbnail hentry\" role=\"listitem\">\n\t\t\t\t<a class=\"elementor-post__thumbnail__link\" href=\"https:\/\/rfess.es\/es\/eventos\/congreso-sobre-prevencion-y-gestion-de-emergencias-por-ahogamientos\/\" tabindex=\"-1\" >\n\t\t\t<div class=\"elementor-post__thumbnail\"><img loading=\"lazy\" decoding=\"async\" width=\"1810\" height=\"2560\" src=\"https:\/\/rfess.es\/wp-content\/uploads\/2026\/02\/CARTEL-IMPRIMIR-DINA3-CONGRESO-AHOGAMIENTO-scaled.jpg\" class=\"attachment-full size-full wp-image-989802\" alt=\"\" srcset=\"https:\/\/rfess.es\/wp-content\/uploads\/2026\/02\/CARTEL-IMPRIMIR-DINA3-CONGRESO-AHOGAMIENTO-scaled.jpg 1810w, https:\/\/rfess.es\/wp-content\/uploads\/2026\/02\/CARTEL-IMPRIMIR-DINA3-CONGRESO-AHOGAMIENTO-212x300.jpg 212w, https:\/\/rfess.es\/wp-content\/uploads\/2026\/02\/CARTEL-IMPRIMIR-DINA3-CONGRESO-AHOGAMIENTO-724x1024.jpg 724w, https:\/\/rfess.es\/wp-content\/uploads\/2026\/02\/CARTEL-IMPRIMIR-DINA3-CONGRESO-AHOGAMIENTO-768x1086.jpg 768w, https:\/\/rfess.es\/wp-content\/uploads\/2026\/02\/CARTEL-IMPRIMIR-DINA3-CONGRESO-AHOGAMIENTO-1086x1536.jpg 1086w, https:\/\/rfess.es\/wp-content\/uploads\/2026\/02\/CARTEL-IMPRIMIR-DINA3-CONGRESO-AHOGAMIENTO-1448x2048.jpg 1448w\" sizes=\"(max-width: 1810px) 100vw, 1810px\" \/><\/div>\n\t\t<\/a>\n\t\t\t\t<div class=\"elementor-post__text\">\n\t\t\t\t<h3 class=\"elementor-post__title\">\n\t\t\t<a href=\"https:\/\/rfess.es\/es\/eventos\/congreso-sobre-prevencion-y-gestion-de-emergencias-por-ahogamientos\/\" >\n\t\t\t\tCongreso sobre Prevenci\u00f3n y Gesti\u00f3n de Emergencias por Ahogamientos\t\t\t<\/a>\n\t\t<\/h3>\n\t\t\t\t<div class=\"elementor-post__meta-data\">\n\t\t\t\t\t<span class=\"elementor-post-date\">\n\t\t\t01\/02\/2026\t\t<\/span>\n\t\t\t\t<\/div>\n\t\t\t\t\t<div class=\"elementor-post__read-more-wrapper\">\n\t\t\n\t\t<a class=\"elementor-post__read-more\" href=\"https:\/\/rfess.es\/es\/eventos\/congreso-sobre-prevencion-y-gestion-de-emergencias-por-ahogamientos\/\" aria-label=\"M\u00e1s informaci\u00f3n sobre Congreso sobre Prevenci\u00f3n y Gesti\u00f3n de Emergencias por Ahogamientos\" tabindex=\"-1\" >\n\t\t\tLeer m\u00e1s\t\t<\/a>\n\n\t\t\t\t\t<\/div>\n\t\t\t\t<\/div>\n\t\t\t\t<\/article>\n\t\t\t\t<article class=\"elementor-post elementor-grid-item post-988993 eventos type-eventos status-publish has-post-thumbnail hentry\" role=\"listitem\">\n\t\t\t\t<a class=\"elementor-post__thumbnail__link\" href=\"https:\/\/rfess.es\/es\/eventos\/campeonatos-de-espana-por-comunidades-autonomas\/\" tabindex=\"-1\" >\n\t\t\t<div class=\"elementor-post__thumbnail\"><img loading=\"lazy\" decoding=\"async\" width=\"1369\" height=\"1920\" src=\"https:\/\/rfess.es\/wp-content\/uploads\/2025\/12\/CARTEL-SySComunidades25-scaled-1.jpg\" class=\"attachment-full size-full wp-image-988994\" alt=\"\" srcset=\"https:\/\/rfess.es\/wp-content\/uploads\/2025\/12\/CARTEL-SySComunidades25-scaled-1.jpg 1369w, https:\/\/rfess.es\/wp-content\/uploads\/2025\/12\/CARTEL-SySComunidades25-scaled-1-214x300.jpg 214w, https:\/\/rfess.es\/wp-content\/uploads\/2025\/12\/CARTEL-SySComunidades25-scaled-1-730x1024.jpg 730w, https:\/\/rfess.es\/wp-content\/uploads\/2025\/12\/CARTEL-SySComunidades25-scaled-1-768x1077.jpg 768w, https:\/\/rfess.es\/wp-content\/uploads\/2025\/12\/CARTEL-SySComunidades25-scaled-1-1095x1536.jpg 1095w\" sizes=\"(max-width: 1369px) 100vw, 1369px\" \/><\/div>\n\t\t<\/a>\n\t\t\t\t<div class=\"elementor-post__text\">\n\t\t\t\t<h3 class=\"elementor-post__title\">\n\t\t\t<a href=\"https:\/\/rfess.es\/es\/eventos\/campeonatos-de-espana-por-comunidades-autonomas\/\" >\n\t\t\t\tCampeonatos de Espa\u00f1a por Comunidades Aut\u00f3nomas\t\t\t<\/a>\n\t\t<\/h3>\n\t\t\t\t<div class=\"elementor-post__meta-data\">\n\t\t\t\t\t<span class=\"elementor-post-date\">\n\t\t\t02\/01\/2026\t\t<\/span>\n\t\t\t\t<\/div>\n\t\t\t\t\t<div class=\"elementor-post__read-more-wrapper\">\n\t\t\n\t\t<a class=\"elementor-post__read-more\" href=\"https:\/\/rfess.es\/es\/eventos\/campeonatos-de-espana-por-comunidades-autonomas\/\" aria-label=\"M\u00e1s informaci\u00f3n sobre Campeonatos de Espa\u00f1a por Comunidades Aut\u00f3nomas\" tabindex=\"-1\" >\n\t\t\tLeer m\u00e1s\t\t<\/a>\n\n\t\t\t\t\t<\/div>\n\t\t\t\t<\/div>\n\t\t\t\t<\/article>\n\t\t\t\t<article class=\"elementor-post elementor-grid-item post-988979 eventos type-eventos status-publish has-post-thumbnail hentry\" role=\"listitem\">\n\t\t\t\t<a class=\"elementor-post__thumbnail__link\" href=\"https:\/\/rfess.es\/es\/eventos\/vi-campeonato-de-espana-de-distancias-cortas-open\/\" tabindex=\"-1\" >\n\t\t\t<div class=\"elementor-post__thumbnail\"><img loading=\"lazy\" decoding=\"async\" width=\"1358\" height=\"1920\" src=\"https:\/\/rfess.es\/wp-content\/uploads\/2025\/12\/CARTEL-Distancias-Cortas-Guadalajara-sRGB-scaled-1.jpg\" class=\"attachment-full size-full wp-image-988980\" alt=\"\" srcset=\"https:\/\/rfess.es\/wp-content\/uploads\/2025\/12\/CARTEL-Distancias-Cortas-Guadalajara-sRGB-scaled-1.jpg 1358w, https:\/\/rfess.es\/wp-content\/uploads\/2025\/12\/CARTEL-Distancias-Cortas-Guadalajara-sRGB-scaled-1-212x300.jpg 212w, https:\/\/rfess.es\/wp-content\/uploads\/2025\/12\/CARTEL-Distancias-Cortas-Guadalajara-sRGB-scaled-1-724x1024.jpg 724w, https:\/\/rfess.es\/wp-content\/uploads\/2025\/12\/CARTEL-Distancias-Cortas-Guadalajara-sRGB-scaled-1-768x1086.jpg 768w, https:\/\/rfess.es\/wp-content\/uploads\/2025\/12\/CARTEL-Distancias-Cortas-Guadalajara-sRGB-scaled-1-1086x1536.jpg 1086w\" sizes=\"(max-width: 1358px) 100vw, 1358px\" \/><\/div>\n\t\t<\/a>\n\t\t\t\t<div class=\"elementor-post__text\">\n\t\t\t\t<h3 class=\"elementor-post__title\">\n\t\t\t<a href=\"https:\/\/rfess.es\/es\/eventos\/vi-campeonato-de-espana-de-distancias-cortas-open\/\" >\n\t\t\t\tVI Campeonato de Espa\u00f1a de Distancias Cortas Open\t\t\t<\/a>\n\t\t<\/h3>\n\t\t\t\t<div class=\"elementor-post__meta-data\">\n\t\t\t\t\t<span class=\"elementor-post-date\">\n\t\t\t30\/12\/2025\t\t<\/span>\n\t\t\t\t<\/div>\n\t\t\t\t\t<div class=\"elementor-post__read-more-wrapper\">\n\t\t\n\t\t<a class=\"elementor-post__read-more\" href=\"https:\/\/rfess.es\/es\/eventos\/vi-campeonato-de-espana-de-distancias-cortas-open\/\" aria-label=\"M\u00e1s informaci\u00f3n sobre VI Campeonato de Espa\u00f1a de Distancias Cortas Open\" tabindex=\"-1\" >\n\t\t\tLeer m\u00e1s\t\t<\/a>\n\n\t\t\t\t\t<\/div>\n\t\t\t\t<\/div>\n\t\t\t\t<\/article>\n\t\t\t\t<article class=\"elementor-post elementor-grid-item post-988831 eventos type-eventos status-publish has-post-thumbnail hentry\" role=\"listitem\">\n\t\t\t\t<a class=\"elementor-post__thumbnail__link\" href=\"https:\/\/rfess.es\/es\/eventos\/iv-campeonato-de-espana-de-invierno-open\/\" tabindex=\"-1\" >\n\t\t\t<div class=\"elementor-post__thumbnail\"><img loading=\"lazy\" decoding=\"async\" width=\"1358\" height=\"1920\" src=\"https:\/\/rfess.es\/wp-content\/uploads\/2025\/12\/CARTEL-SpanishWinter25-OURENSE-scaled-1.jpg\" class=\"attachment-full size-full wp-image-988834\" alt=\"\" srcset=\"https:\/\/rfess.es\/wp-content\/uploads\/2025\/12\/CARTEL-SpanishWinter25-OURENSE-scaled-1.jpg 1358w, https:\/\/rfess.es\/wp-content\/uploads\/2025\/12\/CARTEL-SpanishWinter25-OURENSE-scaled-1-212x300.jpg 212w, https:\/\/rfess.es\/wp-content\/uploads\/2025\/12\/CARTEL-SpanishWinter25-OURENSE-scaled-1-724x1024.jpg 724w, https:\/\/rfess.es\/wp-content\/uploads\/2025\/12\/CARTEL-SpanishWinter25-OURENSE-scaled-1-768x1086.jpg 768w, https:\/\/rfess.es\/wp-content\/uploads\/2025\/12\/CARTEL-SpanishWinter25-OURENSE-scaled-1-1086x1536.jpg 1086w\" sizes=\"(max-width: 1358px) 100vw, 1358px\" \/><\/div>\n\t\t<\/a>\n\t\t\t\t<div class=\"elementor-post__text\">\n\t\t\t\t<h3 class=\"elementor-post__title\">\n\t\t\t<a href=\"https:\/\/rfess.es\/es\/eventos\/iv-campeonato-de-espana-de-invierno-open\/\" >\n\t\t\t\tIV Campeonato de Espa\u00f1a de Invierno Open\t\t\t<\/a>\n\t\t<\/h3>\n\t\t\t\t<div class=\"elementor-post__meta-data\">\n\t\t\t\t\t<span class=\"elementor-post-date\">\n\t\t\t26\/12\/2025\t\t<\/span>\n\t\t\t\t<\/div>\n\t\t\t\t\t<div class=\"elementor-post__read-more-wrapper\">\n\t\t\n\t\t<a class=\"elementor-post__read-more\" href=\"https:\/\/rfess.es\/es\/eventos\/iv-campeonato-de-espana-de-invierno-open\/\" aria-label=\"M\u00e1s informaci\u00f3n sobre IV Campeonato de Espa\u00f1a de Invierno Open\" tabindex=\"-1\" >\n\t\t\tLeer m\u00e1s\t\t<\/a>\n\n\t\t\t\t\t<\/div>\n\t\t\t\t<\/div>\n\t\t\t\t<\/article>\n\t\t\t\t<\/div>\n\t\t\n\t\t\t\t\t\t<\/div>\n\t\t\t\t<\/div>\n\t\t\t\t<\/div>\n\t\t\t\t\t<\/div>\n\t\t\t\t<\/div>\n\t\t\t\t<\/div>","protected":false},"excerpt":{"rendered":"","protected":false},"author":4,"featured_media":989402,"parent":0,"menu_order":0,"comment_status":"closed","ping_status":"closed","template":"","meta":{"_acf_changed":false,"footnotes":""},"class_list":["post-988946","page","type-page","status-publish","has-post-thumbnail","hentry"],"acf":[],"yoast_head":"<!-- This site is optimized with the Yoast SEO plugin v27.3 - https:\/\/yoast.com\/product\/yoast-seo-wordpress\/ -->\n<title>Eventos - RFESS<\/title>\n<meta name=\"robots\" content=\"index, follow, max-snippet:-1, max-image-preview:large, max-video-preview:-1\" \/>\n<link rel=\"canonical\" href=\"https:\/\/rfess.es\/es\/eventos\/\" \/>\n<meta property=\"og:locale\" content=\"es_ES\" \/>\n<meta property=\"og:type\" content=\"article\" \/>\n<meta property=\"og:title\" content=\"Eventos - RFESS\" \/>\n<meta property=\"og:url\" content=\"https:\/\/rfess.es\/es\/eventos\/\" \/>\n<meta property=\"og:site_name\" content=\"RFESS\" \/>\n<meta property=\"article:modified_time\" content=\"2026-02-02T10:13:35+00:00\" \/>\n<meta property=\"og:image\" content=\"https:\/\/rfess.es\/wp-content\/uploads\/2026\/01\/evento-2.jpg\" \/>\n\t<meta property=\"og:image:width\" content=\"1920\" \/>\n\t<meta property=\"og:image:height\" content=\"742\" \/>\n\t<meta property=\"og:image:type\" content=\"image\/jpeg\" \/>\n<meta name=\"twitter:card\" content=\"summary_large_image\" \/>\n<meta name=\"twitter:label1\" content=\"Tiempo de lectura\" \/>\n\t<meta name=\"twitter:data1\" content=\"1 minuto\" \/>\n<script type=\"application\/ld+json\" class=\"yoast-schema-graph\">{\"@context\":\"https:\\\/\\\/schema.org\",\"@graph\":[{\"@type\":\"WebPage\",\"@id\":\"https:\\\/\\\/rfess.es\\\/eventos\\\/\",\"url\":\"https:\\\/\\\/rfess.es\\\/eventos\\\/\",\"name\":\"Eventos - RFESS\",\"isPartOf\":{\"@id\":\"https:\\\/\\\/rfess.es\\\/#website\"},\"primaryImageOfPage\":{\"@id\":\"https:\\\/\\\/rfess.es\\\/eventos\\\/#primaryimage\"},\"image\":{\"@id\":\"https:\\\/\\\/rfess.es\\\/eventos\\\/#primaryimage\"},\"thumbnailUrl\":\"https:\\\/\\\/rfess.es\\\/wp-content\\\/uploads\\\/2026\\\/01\\\/evento-2.jpg\",\"datePublished\":\"2025-12-29T11:33:02+00:00\",\"dateModified\":\"2026-02-02T10:13:35+00:00\",\"breadcrumb\":{\"@id\":\"https:\\\/\\\/rfess.es\\\/eventos\\\/#breadcrumb\"},\"inLanguage\":\"es\",\"potentialAction\":[{\"@type\":\"ReadAction\",\"target\":[\"https:\\\/\\\/rfess.es\\\/eventos\\\/\"]}]},{\"@type\":\"ImageObject\",\"inLanguage\":\"es\",\"@id\":\"https:\\\/\\\/rfess.es\\\/eventos\\\/#primaryimage\",\"url\":\"https:\\\/\\\/rfess.es\\\/wp-content\\\/uploads\\\/2026\\\/01\\\/evento-2.jpg\",\"contentUrl\":\"https:\\\/\\\/rfess.es\\\/wp-content\\\/uploads\\\/2026\\\/01\\\/evento-2.jpg\",\"width\":1920,\"height\":742},{\"@type\":\"BreadcrumbList\",\"@id\":\"https:\\\/\\\/rfess.es\\\/eventos\\\/#breadcrumb\",\"itemListElement\":[{\"@type\":\"ListItem\",\"position\":1,\"name\":\"Portada\",\"item\":\"https:\\\/\\\/rfess.es\\\/\"},{\"@type\":\"ListItem\",\"position\":2,\"name\":\"Eventos\"}]},{\"@type\":\"WebSite\",\"@id\":\"https:\\\/\\\/rfess.es\\\/#website\",\"url\":\"https:\\\/\\\/rfess.es\\\/\",\"name\":\"RFESS\",\"description\":\"Real Federaci\u00f3n Espa\u00f1ola de Salvamento y Socorrismo RFESS\",\"publisher\":{\"@id\":\"https:\\\/\\\/rfess.es\\\/#organization\"},\"potentialAction\":[{\"@type\":\"SearchAction\",\"target\":{\"@type\":\"EntryPoint\",\"urlTemplate\":\"https:\\\/\\\/rfess.es\\\/?s={search_term_string}\"},\"query-input\":{\"@type\":\"PropertyValueSpecification\",\"valueRequired\":true,\"valueName\":\"search_term_string\"}}],\"inLanguage\":\"es\"},{\"@type\":\"Organization\",\"@id\":\"https:\\\/\\\/rfess.es\\\/#organization\",\"name\":\"RFESS\",\"url\":\"https:\\\/\\\/rfess.es\\\/\",\"logo\":{\"@type\":\"ImageObject\",\"inLanguage\":\"es\",\"@id\":\"https:\\\/\\\/rfess.es\\\/#\\\/schema\\\/logo\\\/image\\\/\",\"url\":\"https:\\\/\\\/rfess.es\\\/wp-content\\\/uploads\\\/2025\\\/10\\\/logo-rfess.png\",\"contentUrl\":\"https:\\\/\\\/rfess.es\\\/wp-content\\\/uploads\\\/2025\\\/10\\\/logo-rfess.png\",\"width\":544,\"height\":180,\"caption\":\"RFESS\"},\"image\":{\"@id\":\"https:\\\/\\\/rfess.es\\\/#\\\/schema\\\/logo\\\/image\\\/\"}}]}<\/script>\n<!-- \/ Yoast SEO plugin. -->","yoast_head_json":{"title":"Eventos - RFESS","robots":{"index":"index","follow":"follow","max-snippet":"max-snippet:-1","max-image-preview":"max-image-preview:large","max-video-preview":"max-video-preview:-1"},"canonical":"https:\/\/rfess.es\/es\/eventos\/","og_locale":"es_ES","og_type":"article","og_title":"Eventos - RFESS","og_url":"https:\/\/rfess.es\/es\/eventos\/","og_site_name":"RFESS","article_modified_time":"2026-02-02T10:13:35+00:00","og_image":[{"width":1920,"height":742,"url":"https:\/\/rfess.es\/wp-content\/uploads\/2026\/01\/evento-2.jpg","type":"image\/jpeg"}],"twitter_card":"summary_large_image","twitter_misc":{"Tiempo de lectura":"1 minuto"},"schema":{"@context":"https:\/\/schema.org","@graph":[{"@type":"WebPage","@id":"https:\/\/rfess.es\/eventos\/","url":"https:\/\/rfess.es\/eventos\/","name":"Eventos - RFESS","isPartOf":{"@id":"https:\/\/rfess.es\/#website"},"primaryImageOfPage":{"@id":"https:\/\/rfess.es\/eventos\/#primaryimage"},"image":{"@id":"https:\/\/rfess.es\/eventos\/#primaryimage"},"thumbnailUrl":"https:\/\/rfess.es\/wp-content\/uploads\/2026\/01\/evento-2.jpg","datePublished":"2025-12-29T11:33:02+00:00","dateModified":"2026-02-02T10:13:35+00:00","breadcrumb":{"@id":"https:\/\/rfess.es\/eventos\/#breadcrumb"},"inLanguage":"es","potentialAction":[{"@type":"ReadAction","target":["https:\/\/rfess.es\/eventos\/"]}]},{"@type":"ImageObject","inLanguage":"es","@id":"https:\/\/rfess.es\/eventos\/#primaryimage","url":"https:\/\/rfess.es\/wp-content\/uploads\/2026\/01\/evento-2.jpg","contentUrl":"https:\/\/rfess.es\/wp-content\/uploads\/2026\/01\/evento-2.jpg","width":1920,"height":742},{"@type":"BreadcrumbList","@id":"https:\/\/rfess.es\/eventos\/#breadcrumb","itemListElement":[{"@type":"ListItem","position":1,"name":"Portada","item":"https:\/\/rfess.es\/"},{"@type":"ListItem","position":2,"name":"Eventos"}]},{"@type":"WebSite","@id":"https:\/\/rfess.es\/#website","url":"https:\/\/rfess.es\/","name":"RFESS","description":"Real Federaci\u00f3n Espa\u00f1ola de Salvamento y Socorrismo RFESS","publisher":{"@id":"https:\/\/rfess.es\/#organization"},"potentialAction":[{"@type":"SearchAction","target":{"@type":"EntryPoint","urlTemplate":"https:\/\/rfess.es\/?s={search_term_string}"},"query-input":{"@type":"PropertyValueSpecification","valueRequired":true,"valueName":"search_term_string"}}],"inLanguage":"es"},{"@type":"Organization","@id":"https:\/\/rfess.es\/#organization","name":"RFESS","url":"https:\/\/rfess.es\/","logo":{"@type":"ImageObject","inLanguage":"es","@id":"https:\/\/rfess.es\/#\/schema\/logo\/image\/","url":"https:\/\/rfess.es\/wp-content\/uploads\/2025\/10\/logo-rfess.png","contentUrl":"https:\/\/rfess.es\/wp-content\/uploads\/2025\/10\/logo-rfess.png","width":544,"height":180,"caption":"RFESS"},"image":{"@id":"https:\/\/rfess.es\/#\/schema\/logo\/image\/"}}]}},"_links":{"self":[{"href":"https:\/\/rfess.es\/es\/wp-json\/wp\/v2\/pages\/988946","targetHints":{"allow":["GET"]}}],"collection":[{"href":"https:\/\/rfess.es\/es\/wp-json\/wp\/v2\/pages"}],"about":[{"href":"https:\/\/rfess.es\/es\/wp-json\/wp\/v2\/types\/page"}],"author":[{"embeddable":true,"href":"https:\/\/rfess.es\/es\/wp-json\/wp\/v2\/users\/4"}],"replies":[{"embeddable":true,"href":"https:\/\/rfess.es\/es\/wp-json\/wp\/v2\/comments?post=988946"}],"version-history":[{"count":13,"href":"https:\/\/rfess.es\/es\/wp-json\/wp\/v2\/pages\/988946\/revisions"}],"predecessor-version":[{"id":989702,"href":"https:\/\/rfess.es\/es\/wp-json\/wp\/v2\/pages\/988946\/revisions\/989702"}],"wp:featuredmedia":[{"embeddable":true,"href":"https:\/\/rfess.es\/es\/wp-json\/wp\/v2\/media\/989402"}],"wp:attachment":[{"href":"https:\/\/rfess.es\/es\/wp-json\/wp\/v2\/media?parent=988946"}],"curies":[{"name":"wp","href":"https:\/\/api.w.org\/{rel}","templated":true}]}}