{"id":988481,"date":"2025-12-17T13:13:47","date_gmt":"2025-12-17T12:13:47","guid":{"rendered":"https:\/\/dev.rfess.es\/?page_id=988481"},"modified":"2026-03-31T12:13:15","modified_gmt":"2026-03-31T10:13:15","slug":"informe-anual-de-igualdad-de-la-real-federacion-espanola-de-salvamento-y-socorrismo-ano-2025","status":"publish","type":"page","link":"https:\/\/rfess.es\/es\/mujer-y-deporte\/informe-anual-de-igualdad-de-la-real-federacion-espanola-de-salvamento-y-socorrismo-ano-2025\/","title":{"rendered":"Informe anual de Igualdad de la Real Federaci\u00f3n Espa\u00f1ola de Salvamento y Socorrismo (A\u00f1o 2024)"},"content":{"rendered":"<div data-elementor-type=\"wp-page\" data-elementor-id=\"988481\" class=\"elementor elementor-988481\" data-elementor-post-type=\"page\">\n\t\t\t\t<div class=\"elementor-element elementor-element-c4742ca e-flex e-con-boxed elementor-invisible e-con e-parent\" data-id=\"c4742ca\" data-element_type=\"container\" data-e-type=\"container\" data-settings=\"{&quot;background_background&quot;:&quot;classic&quot;,&quot;animation&quot;:&quot;fadeIn&quot;}\">\n\t\t\t\t\t<div class=\"e-con-inner\">\n\t\t\t\t<div class=\"vamtam-has-theme-widget-styles elementor-element elementor-element-3553176 e-transform vamtam-has-skew-bg-only elementor-widget elementor-widget-heading\" data-id=\"3553176\" data-element_type=\"widget\" data-e-type=\"widget\" data-settings=\"{&quot;_transform_skewX_effect&quot;:{&quot;unit&quot;:&quot;px&quot;,&quot;size&quot;:-8,&quot;sizes&quot;:[]},&quot;_transform_skewY_effect&quot;:{&quot;unit&quot;:&quot;px&quot;,&quot;size&quot;:0,&quot;sizes&quot;:[]},&quot;_transform_skewX_effect_tablet&quot;:{&quot;unit&quot;:&quot;deg&quot;,&quot;size&quot;:&quot;&quot;,&quot;sizes&quot;:[]},&quot;_transform_skewX_effect_mobile&quot;:{&quot;unit&quot;:&quot;deg&quot;,&quot;size&quot;:&quot;&quot;,&quot;sizes&quot;:[]},&quot;_transform_skewY_effect_tablet&quot;:{&quot;unit&quot;:&quot;deg&quot;,&quot;size&quot;:&quot;&quot;,&quot;sizes&quot;:[]},&quot;_transform_skewY_effect_mobile&quot;:{&quot;unit&quot;:&quot;deg&quot;,&quot;size&quot;:&quot;&quot;,&quot;sizes&quot;:[]}}\" data-widget_type=\"heading.default\">\n\t\t\t\t<div class=\"elementor-widget-container\">\n\t\t\t\t\t<h6 class=\"elementor-heading-title elementor-size-default\"><a href=\"\/es\/mujer-y-deporte\/\">Mujer y deporte<\/a><\/h6>\t\t\t\t<\/div>\n\t\t\t\t<\/div>\n\t\t\t\t\t<\/div>\n\t\t\t\t<\/div>\n\t\t<div class=\"elementor-element elementor-element-4aa675f e-flex e-con-boxed elementor-invisible e-con e-parent\" data-id=\"4aa675f\" data-element_type=\"container\" data-e-type=\"container\" data-settings=\"{&quot;background_background&quot;:&quot;classic&quot;,&quot;animation&quot;:&quot;fadeIn&quot;}\">\n\t\t\t\t\t<div class=\"e-con-inner\">\n\t\t\t\t<div class=\"elementor-element elementor-element-0ce1137 elementor-widget__width-initial elementor-widget elementor-widget-embedpress_pdf\" data-id=\"0ce1137\" data-element_type=\"widget\" data-e-type=\"widget\" data-widget_type=\"embedpress_pdf.default\">\n\t\t\t\t<div class=\"elementor-widget-container\">\n\t\t\t\t\t    <div class=\"embedpress-document-embed ep-doc-5479217eb08f40d387a8bc2cdd2ec0fb ose-document emebedpress-unit-percent\" data-thememode=\"default\" data-customcolor=\"#F3D9FF\" data-toolbar=\"yes\" data-toolbar-position=\"top\" data-open=\"no\" data-presentation-mode=\"\" data-download=\"yes\" data-copy=\"yes\" data-add-image=\"\" data-rotate=\"\" data-details=\"\" data-id=\"embedpress-pdf-0ce1137\" data-selection-tool=\"0\" data-scrolling=\"0\" data-spreads=\"-1\" style=\" max-width:100%; display: inline-block\">\n\n        \n                <div >\n\n                    <div id=\"ep-elementor-content-0ce1137\" class=\"ep-elementor-content   ep-percentage-width   ep-content-protection-disabled\">\n                        <div id=\"0ce1137\" class=\"ep-embed-content-wraper\">\n                            <div><iframe title=\"Informe-anual-Igualdad-Anexo-RFESS-2024\" class=\"embedpress-embed-document-pdf embedpress-pdf-0ce1137\" style=\"width: 100%!important;height: 705px;; max-width:100%; display: inline-block\" src=\"https:\/\/rfess.es\/wp-admin\/admin-ajax.php?action=get_viewer&#038;file=https%3A%2F%2Frfess.es%2Fwp-content%2Fuploads%2F2025%2F12%2FInforme-anual-Igualdad-Anexo-RFESS-2024.pdf&#038;scrolling=0&#038;selection_tool=0&#038;spreads=-1#key=dGhlbWVNb2RlPWRlZmF1bHQmdG9vbGJhcj10cnVlJnBvc2l0aW9uPXRvcCZwcmVzZW50YXRpb249ZmFsc2UmbGF6eUxvYWQ9ZmFsc2UmZG93bmxvYWQ9dHJ1ZSZjb3B5X3RleHQ9dHJ1ZSZhZGRfdGV4dD1mYWxzZSZkcmF3PXRydWUmYWRkX2ltYWdlPWZhbHNlJnBkZl9yb3RhdGlvbj1mYWxzZSZwZGZfZGV0YWlscz1mYWxzZSZ6b29tX2luPXRydWUmem9vbV9vdXQ9dHJ1ZSZmaXRfdmlldz10cnVlJmJvb2ttYXJrPXRydWUmc291bmQ9dHJ1ZSZmbGlwYm9va190b29sYmFyX3Bvc2l0aW9uPWJvdHRvbSZzZWxlY3Rpb25fdG9vbD0wJnNjcm9sbGluZz0wJnNwcmVhZHM9LTEmaXNfcHJvX2FjdGl2ZT0w&#038;zoom=auto\" data-emid=\"embedpress-pdf-0ce1137\" data-embed-type=\"PDF\" frameborder=\"0\"><\/iframe><p class=\"embedpress-el-powered\">Powered By EmbedPress<\/p><\/div>                        <\/div>\n\n                    <\/div>\n\n\n                   \n                <\/div>\n            \n    <\/div>\n\n\t\t\t\t<\/div>\n\t\t\t\t<\/div>\n\t\t\t\t\t<\/div>\n\t\t\t\t<\/div>\n\t\t\t\t<\/div>","protected":false},"excerpt":{"rendered":"<p>Soccer program<\/p>","protected":false},"author":4,"featured_media":0,"parent":988303,"menu_order":0,"comment_status":"closed","ping_status":"closed","template":"elementor_header_footer","meta":{"_acf_changed":false,"footnotes":""},"class_list":["post-988481","page","type-page","status-publish","hentry"],"acf":[],"yoast_head":"<!-- This site is optimized with the Yoast SEO plugin v27.3 - https:\/\/yoast.com\/product\/yoast-seo-wordpress\/ -->\n<title>Informe anual de Igualdad de la Real Federaci\u00f3n Espa\u00f1ola de Salvamento y Socorrismo (A\u00f1o 2024) - RFESS<\/title>\n<meta name=\"robots\" content=\"index, follow, max-snippet:-1, max-image-preview:large, max-video-preview:-1\" \/>\n<link rel=\"canonical\" href=\"https:\/\/rfess.es\/es\/mujer-y-deporte\/informe-anual-de-igualdad-de-la-real-federacion-espanola-de-salvamento-y-socorrismo-ano-2025\/\" \/>\n<meta property=\"og:locale\" content=\"es_ES\" \/>\n<meta property=\"og:type\" content=\"article\" \/>\n<meta property=\"og:title\" content=\"Informe anual de Igualdad de la Real Federaci\u00f3n Espa\u00f1ola de Salvamento y Socorrismo (A\u00f1o 2024) - RFESS\" \/>\n<meta property=\"og:description\" content=\"Soccer program\" \/>\n<meta property=\"og:url\" content=\"https:\/\/rfess.es\/es\/mujer-y-deporte\/informe-anual-de-igualdad-de-la-real-federacion-espanola-de-salvamento-y-socorrismo-ano-2025\/\" \/>\n<meta property=\"og:site_name\" content=\"RFESS\" \/>\n<meta property=\"article:modified_time\" content=\"2026-03-31T10:13:15+00:00\" \/>\n<meta name=\"twitter:card\" content=\"summary_large_image\" \/>\n<meta name=\"twitter:label1\" content=\"Tiempo de lectura\" \/>\n\t<meta name=\"twitter:data1\" content=\"1 minuto\" \/>\n<script type=\"application\/ld+json\" class=\"yoast-schema-graph\">{\"@context\":\"https:\\\/\\\/schema.org\",\"@graph\":[{\"@type\":\"WebPage\",\"@id\":\"https:\\\/\\\/rfess.es\\\/mujer-y-deporte\\\/informe-anual-de-igualdad-de-la-real-federacion-espanola-de-salvamento-y-socorrismo-ano-2025\\\/\",\"url\":\"https:\\\/\\\/rfess.es\\\/mujer-y-deporte\\\/informe-anual-de-igualdad-de-la-real-federacion-espanola-de-salvamento-y-socorrismo-ano-2025\\\/\",\"name\":\"Informe anual de Igualdad de la Real Federaci\u00f3n Espa\u00f1ola de Salvamento y Socorrismo (A\u00f1o 2024) - RFESS\",\"isPartOf\":{\"@id\":\"https:\\\/\\\/rfess.es\\\/#website\"},\"datePublished\":\"2025-12-17T12:13:47+00:00\",\"dateModified\":\"2026-03-31T10:13:15+00:00\",\"breadcrumb\":{\"@id\":\"https:\\\/\\\/rfess.es\\\/mujer-y-deporte\\\/informe-anual-de-igualdad-de-la-real-federacion-espanola-de-salvamento-y-socorrismo-ano-2025\\\/#breadcrumb\"},\"inLanguage\":\"es\",\"potentialAction\":[{\"@type\":\"ReadAction\",\"target\":[\"https:\\\/\\\/rfess.es\\\/mujer-y-deporte\\\/informe-anual-de-igualdad-de-la-real-federacion-espanola-de-salvamento-y-socorrismo-ano-2025\\\/\"]}]},{\"@type\":\"BreadcrumbList\",\"@id\":\"https:\\\/\\\/rfess.es\\\/mujer-y-deporte\\\/informe-anual-de-igualdad-de-la-real-federacion-espanola-de-salvamento-y-socorrismo-ano-2025\\\/#breadcrumb\",\"itemListElement\":[{\"@type\":\"ListItem\",\"position\":1,\"name\":\"Portada\",\"item\":\"https:\\\/\\\/rfess.es\\\/\"},{\"@type\":\"ListItem\",\"position\":2,\"name\":\"Mujer y deporte\",\"item\":\"https:\\\/\\\/rfess.es\\\/mujer-y-deporte\\\/\"},{\"@type\":\"ListItem\",\"position\":3,\"name\":\"Informe anual de Igualdad de la Real Federaci\u00f3n Espa\u00f1ola de Salvamento y Socorrismo (A\u00f1o 2024)\"}]},{\"@type\":\"WebSite\",\"@id\":\"https:\\\/\\\/rfess.es\\\/#website\",\"url\":\"https:\\\/\\\/rfess.es\\\/\",\"name\":\"RFESS\",\"description\":\"Real Federaci\u00f3n Espa\u00f1ola de Salvamento y Socorrismo RFESS\",\"publisher\":{\"@id\":\"https:\\\/\\\/rfess.es\\\/#organization\"},\"potentialAction\":[{\"@type\":\"SearchAction\",\"target\":{\"@type\":\"EntryPoint\",\"urlTemplate\":\"https:\\\/\\\/rfess.es\\\/?s={search_term_string}\"},\"query-input\":{\"@type\":\"PropertyValueSpecification\",\"valueRequired\":true,\"valueName\":\"search_term_string\"}}],\"inLanguage\":\"es\"},{\"@type\":\"Organization\",\"@id\":\"https:\\\/\\\/rfess.es\\\/#organization\",\"name\":\"RFESS\",\"url\":\"https:\\\/\\\/rfess.es\\\/\",\"logo\":{\"@type\":\"ImageObject\",\"inLanguage\":\"es\",\"@id\":\"https:\\\/\\\/rfess.es\\\/#\\\/schema\\\/logo\\\/image\\\/\",\"url\":\"https:\\\/\\\/rfess.es\\\/wp-content\\\/uploads\\\/2025\\\/10\\\/logo-rfess.png\",\"contentUrl\":\"https:\\\/\\\/rfess.es\\\/wp-content\\\/uploads\\\/2025\\\/10\\\/logo-rfess.png\",\"width\":544,\"height\":180,\"caption\":\"RFESS\"},\"image\":{\"@id\":\"https:\\\/\\\/rfess.es\\\/#\\\/schema\\\/logo\\\/image\\\/\"}}]}<\/script>\n<!-- \/ Yoast SEO plugin. -->","yoast_head_json":{"title":"Informe anual de Igualdad de la Real Federaci\u00f3n Espa\u00f1ola de Salvamento y Socorrismo (A\u00f1o 2024) - RFESS","robots":{"index":"index","follow":"follow","max-snippet":"max-snippet:-1","max-image-preview":"max-image-preview:large","max-video-preview":"max-video-preview:-1"},"canonical":"https:\/\/rfess.es\/es\/mujer-y-deporte\/informe-anual-de-igualdad-de-la-real-federacion-espanola-de-salvamento-y-socorrismo-ano-2025\/","og_locale":"es_ES","og_type":"article","og_title":"Informe anual de Igualdad de la Real Federaci\u00f3n Espa\u00f1ola de Salvamento y Socorrismo (A\u00f1o 2024) - RFESS","og_description":"Soccer program","og_url":"https:\/\/rfess.es\/es\/mujer-y-deporte\/informe-anual-de-igualdad-de-la-real-federacion-espanola-de-salvamento-y-socorrismo-ano-2025\/","og_site_name":"RFESS","article_modified_time":"2026-03-31T10:13:15+00:00","twitter_card":"summary_large_image","twitter_misc":{"Tiempo de lectura":"1 minuto"},"schema":{"@context":"https:\/\/schema.org","@graph":[{"@type":"WebPage","@id":"https:\/\/rfess.es\/mujer-y-deporte\/informe-anual-de-igualdad-de-la-real-federacion-espanola-de-salvamento-y-socorrismo-ano-2025\/","url":"https:\/\/rfess.es\/mujer-y-deporte\/informe-anual-de-igualdad-de-la-real-federacion-espanola-de-salvamento-y-socorrismo-ano-2025\/","name":"Informe anual de Igualdad de la Real Federaci\u00f3n Espa\u00f1ola de Salvamento y Socorrismo (A\u00f1o 2024) - RFESS","isPartOf":{"@id":"https:\/\/rfess.es\/#website"},"datePublished":"2025-12-17T12:13:47+00:00","dateModified":"2026-03-31T10:13:15+00:00","breadcrumb":{"@id":"https:\/\/rfess.es\/mujer-y-deporte\/informe-anual-de-igualdad-de-la-real-federacion-espanola-de-salvamento-y-socorrismo-ano-2025\/#breadcrumb"},"inLanguage":"es","potentialAction":[{"@type":"ReadAction","target":["https:\/\/rfess.es\/mujer-y-deporte\/informe-anual-de-igualdad-de-la-real-federacion-espanola-de-salvamento-y-socorrismo-ano-2025\/"]}]},{"@type":"BreadcrumbList","@id":"https:\/\/rfess.es\/mujer-y-deporte\/informe-anual-de-igualdad-de-la-real-federacion-espanola-de-salvamento-y-socorrismo-ano-2025\/#breadcrumb","itemListElement":[{"@type":"ListItem","position":1,"name":"Portada","item":"https:\/\/rfess.es\/"},{"@type":"ListItem","position":2,"name":"Mujer y deporte","item":"https:\/\/rfess.es\/mujer-y-deporte\/"},{"@type":"ListItem","position":3,"name":"Informe anual de Igualdad de la Real Federaci\u00f3n Espa\u00f1ola de Salvamento y Socorrismo (A\u00f1o 2024)"}]},{"@type":"WebSite","@id":"https:\/\/rfess.es\/#website","url":"https:\/\/rfess.es\/","name":"RFESS","description":"Real Federaci\u00f3n Espa\u00f1ola de Salvamento y Socorrismo RFESS","publisher":{"@id":"https:\/\/rfess.es\/#organization"},"potentialAction":[{"@type":"SearchAction","target":{"@type":"EntryPoint","urlTemplate":"https:\/\/rfess.es\/?s={search_term_string}"},"query-input":{"@type":"PropertyValueSpecification","valueRequired":true,"valueName":"search_term_string"}}],"inLanguage":"es"},{"@type":"Organization","@id":"https:\/\/rfess.es\/#organization","name":"RFESS","url":"https:\/\/rfess.es\/","logo":{"@type":"ImageObject","inLanguage":"es","@id":"https:\/\/rfess.es\/#\/schema\/logo\/image\/","url":"https:\/\/rfess.es\/wp-content\/uploads\/2025\/10\/logo-rfess.png","contentUrl":"https:\/\/rfess.es\/wp-content\/uploads\/2025\/10\/logo-rfess.png","width":544,"height":180,"caption":"RFESS"},"image":{"@id":"https:\/\/rfess.es\/#\/schema\/logo\/image\/"}}]}},"_links":{"self":[{"href":"https:\/\/rfess.es\/es\/wp-json\/wp\/v2\/pages\/988481","targetHints":{"allow":["GET"]}}],"collection":[{"href":"https:\/\/rfess.es\/es\/wp-json\/wp\/v2\/pages"}],"about":[{"href":"https:\/\/rfess.es\/es\/wp-json\/wp\/v2\/types\/page"}],"author":[{"embeddable":true,"href":"https:\/\/rfess.es\/es\/wp-json\/wp\/v2\/users\/4"}],"replies":[{"embeddable":true,"href":"https:\/\/rfess.es\/es\/wp-json\/wp\/v2\/comments?post=988481"}],"version-history":[{"count":9,"href":"https:\/\/rfess.es\/es\/wp-json\/wp\/v2\/pages\/988481\/revisions"}],"predecessor-version":[{"id":990980,"href":"https:\/\/rfess.es\/es\/wp-json\/wp\/v2\/pages\/988481\/revisions\/990980"}],"up":[{"embeddable":true,"href":"https:\/\/rfess.es\/es\/wp-json\/wp\/v2\/pages\/988303"}],"wp:attachment":[{"href":"https:\/\/rfess.es\/es\/wp-json\/wp\/v2\/media?parent=988481"}],"curies":[{"name":"wp","href":"https:\/\/api.w.org\/{rel}","templated":true}]}}