{"id":988182,"date":"2025-12-02T09:17:12","date_gmt":"2025-12-02T08:17:12","guid":{"rendered":"https:\/\/dev.rfess.es\/?page_id=988182"},"modified":"2026-04-08T18:12:05","modified_gmt":"2026-04-08T16:12:05","slug":"ranking","status":"publish","type":"page","link":"https:\/\/rfess.es\/es\/deporte\/ranking\/","title":{"rendered":"Ranking"},"content":{"rendered":"<div data-elementor-type=\"wp-page\" data-elementor-id=\"988182\" class=\"elementor elementor-988182\" data-elementor-post-type=\"page\">\n\t\t\t\t<div class=\"elementor-element elementor-element-d52d82b e-flex e-con-boxed e-con e-parent\" data-id=\"d52d82b\" data-element_type=\"container\" data-e-type=\"container\" data-settings=\"{&quot;background_background&quot;:&quot;classic&quot;}\">\n\t\t\t\t\t<div class=\"e-con-inner\">\n\t\t<main class=\"elementor-element elementor-element-dc8798f e-con-full e-flex e-con e-child\" data-id=\"dc8798f\" data-element_type=\"container\" data-e-type=\"container\" data-settings=\"{&quot;background_background&quot;:&quot;classic&quot;}\">\n\t\t<div class=\"elementor-element elementor-element-f0ec43c e-con-full e-flex e-con e-child\" data-id=\"f0ec43c\" data-element_type=\"container\" data-e-type=\"container\" data-settings=\"{&quot;background_background&quot;:&quot;classic&quot;}\">\n\t\t\t\t<div class=\"vamtam-has-theme-widget-styles elementor-element elementor-element-c590b16 elementor-widget elementor-widget-heading\" data-id=\"c590b16\" data-element_type=\"widget\" data-e-type=\"widget\" data-widget_type=\"heading.default\">\n\t\t\t\t<div class=\"elementor-widget-container\">\n\t\t\t\t\t<h2 class=\"elementor-heading-title elementor-size-default\">ACTUAL<\/h2>\t\t\t\t<\/div>\n\t\t\t\t<\/div>\n\t\t\t\t<div class=\"vamtam-has-theme-widget-styles elementor-element elementor-element-8e1c08b elementor-widget elementor-widget-heading\" data-id=\"8e1c08b\" data-element_type=\"widget\" data-e-type=\"widget\" data-widget_type=\"heading.default\">\n\t\t\t\t<div class=\"elementor-widget-container\">\n\t\t\t\t\t<h2 class=\"elementor-heading-title elementor-size-default\">(EN VIGOR) RANKING - TEMPORADA 25-26<\/h2>\t\t\t\t<\/div>\n\t\t\t\t<\/div>\n\t\t\t\t<div class=\"elementor-element elementor-element-029caa2 elementor-align-start elementor-icon-list--layout-traditional elementor-list-item-link-full_width elementor-widget elementor-widget-icon-list\" data-id=\"029caa2\" data-element_type=\"widget\" data-e-type=\"widget\" data-widget_type=\"icon-list.default\">\n\t\t\t\t<div class=\"elementor-widget-container\">\n\t\t\t\t\t\t\t<ul class=\"elementor-icon-list-items\">\n\t\t\t\t\t\t\t<li class=\"elementor-icon-list-item\">\n\t\t\t\t\t\t\t\t\t\t\t<a href=\"https:\/\/rfess.es\/wp-content\/uploads\/2026\/04\/Ranking_infantil040426.pdf\" target=\"_blank\">\n\n\t\t\t\t\t\t\t\t\t\t\t\t<span class=\"elementor-icon-list-icon\">\n\t\t\t\t\t\t\t<i aria-hidden=\"true\" class=\"vamtamtheme- vamtam-theme-arrow-right\"><\/i>\t\t\t\t\t\t<\/span>\n\t\t\t\t\t\t\t\t\t\t<span class=\"elementor-icon-list-text\">Ranking infantil<\/span>\n\t\t\t\t\t\t\t\t\t\t\t<\/a>\n\t\t\t\t\t\t\t\t\t<\/li>\n\t\t\t\t\t\t\t\t<li class=\"elementor-icon-list-item\">\n\t\t\t\t\t\t\t\t\t\t\t<a href=\"https:\/\/rfess.es\/wp-content\/uploads\/2026\/04\/Ranking_cadete040426.pdf\" target=\"_blank\">\n\n\t\t\t\t\t\t\t\t\t\t\t\t<span class=\"elementor-icon-list-icon\">\n\t\t\t\t\t\t\t<i aria-hidden=\"true\" class=\"vamtamtheme- vamtam-theme-arrow-right\"><\/i>\t\t\t\t\t\t<\/span>\n\t\t\t\t\t\t\t\t\t\t<span class=\"elementor-icon-list-text\">Ranking cadete<\/span>\n\t\t\t\t\t\t\t\t\t\t\t<\/a>\n\t\t\t\t\t\t\t\t\t<\/li>\n\t\t\t\t\t\t\t\t<li class=\"elementor-icon-list-item\">\n\t\t\t\t\t\t\t\t\t\t\t<a href=\"https:\/\/rfess.es\/wp-content\/uploads\/2026\/04\/Ranking_juvenil040426.pdf\" target=\"_blank\">\n\n\t\t\t\t\t\t\t\t\t\t\t\t<span class=\"elementor-icon-list-icon\">\n\t\t\t\t\t\t\t<i aria-hidden=\"true\" class=\"vamtamtheme- vamtam-theme-arrow-right\"><\/i>\t\t\t\t\t\t<\/span>\n\t\t\t\t\t\t\t\t\t\t<span class=\"elementor-icon-list-text\">Ranking juvenil<\/span>\n\t\t\t\t\t\t\t\t\t\t\t<\/a>\n\t\t\t\t\t\t\t\t\t<\/li>\n\t\t\t\t\t\t\t\t<li class=\"elementor-icon-list-item\">\n\t\t\t\t\t\t\t\t\t\t\t<a href=\"\/wp-content\/uploads\/2025\/12\/2025-10-27-Ranking-Distancias-Cortas-Juvenil.pdf\" target=\"_blank\">\n\n\t\t\t\t\t\t\t\t\t\t\t\t<span class=\"elementor-icon-list-icon\">\n\t\t\t\t\t\t\t<i aria-hidden=\"true\" class=\"vamtamtheme- vamtam-theme-arrow-right\"><\/i>\t\t\t\t\t\t<\/span>\n\t\t\t\t\t\t\t\t\t\t<span class=\"elementor-icon-list-text\">Ranking juvenil en Distancias Cortas<\/span>\n\t\t\t\t\t\t\t\t\t\t\t<\/a>\n\t\t\t\t\t\t\t\t\t<\/li>\n\t\t\t\t\t\t\t\t<li class=\"elementor-icon-list-item\">\n\t\t\t\t\t\t\t\t\t\t\t<a href=\"https:\/\/rfess.es\/wp-content\/uploads\/2026\/04\/Ranking_junior040426.pdf\" target=\"_blank\">\n\n\t\t\t\t\t\t\t\t\t\t\t\t<span class=\"elementor-icon-list-icon\">\n\t\t\t\t\t\t\t<i aria-hidden=\"true\" class=\"vamtamtheme- vamtam-theme-arrow-right\"><\/i>\t\t\t\t\t\t<\/span>\n\t\t\t\t\t\t\t\t\t\t<span class=\"elementor-icon-list-text\">Ranking j\u00fanior<\/span>\n\t\t\t\t\t\t\t\t\t\t\t<\/a>\n\t\t\t\t\t\t\t\t\t<\/li>\n\t\t\t\t\t\t\t\t<li class=\"elementor-icon-list-item\">\n\t\t\t\t\t\t\t\t\t\t\t<a href=\"\/wp-content\/uploads\/2025\/12\/2025-10-27-Ranking-Distancias-Cortas-Junior.pdf\" target=\"_blank\">\n\n\t\t\t\t\t\t\t\t\t\t\t\t<span class=\"elementor-icon-list-icon\">\n\t\t\t\t\t\t\t<i aria-hidden=\"true\" class=\"vamtamtheme- vamtam-theme-arrow-right\"><\/i>\t\t\t\t\t\t<\/span>\n\t\t\t\t\t\t\t\t\t\t<span class=\"elementor-icon-list-text\">Ranking j\u00fanior en Distancias Cortas<\/span>\n\t\t\t\t\t\t\t\t\t\t\t<\/a>\n\t\t\t\t\t\t\t\t\t<\/li>\n\t\t\t\t\t\t\t\t<li class=\"elementor-icon-list-item\">\n\t\t\t\t\t\t\t\t\t\t\t<a href=\"https:\/\/rfess.es\/wp-content\/uploads\/2026\/04\/Ranking_absoluta040426.pdf\" target=\"_blank\">\n\n\t\t\t\t\t\t\t\t\t\t\t\t<span class=\"elementor-icon-list-icon\">\n\t\t\t\t\t\t\t<i aria-hidden=\"true\" class=\"vamtamtheme- vamtam-theme-arrow-right\"><\/i>\t\t\t\t\t\t<\/span>\n\t\t\t\t\t\t\t\t\t\t<span class=\"elementor-icon-list-text\">Ranking absoluto<\/span>\n\t\t\t\t\t\t\t\t\t\t\t<\/a>\n\t\t\t\t\t\t\t\t\t<\/li>\n\t\t\t\t\t\t\t\t<li class=\"elementor-icon-list-item\">\n\t\t\t\t\t\t\t\t\t\t\t<a href=\"\/wp-content\/uploads\/2025\/12\/2025-10-27-Ranking-Distancias-Cortas-Absoluto.pdf\" target=\"_blank\">\n\n\t\t\t\t\t\t\t\t\t\t\t\t<span class=\"elementor-icon-list-icon\">\n\t\t\t\t\t\t\t<i aria-hidden=\"true\" class=\"vamtamtheme- vamtam-theme-arrow-right\"><\/i>\t\t\t\t\t\t<\/span>\n\t\t\t\t\t\t\t\t\t\t<span class=\"elementor-icon-list-text\">Ranking absoluto en Distancias Cortas<\/span>\n\t\t\t\t\t\t\t\t\t\t\t<\/a>\n\t\t\t\t\t\t\t\t\t<\/li>\n\t\t\t\t\t\t\t\t<li class=\"elementor-icon-list-item\">\n\t\t\t\t\t\t\t\t\t\t\t<a href=\"https:\/\/rfess.es\/wp-content\/uploads\/2026\/04\/Ranking_master040426.pdf\" target=\"_blank\">\n\n\t\t\t\t\t\t\t\t\t\t\t\t<span class=\"elementor-icon-list-icon\">\n\t\t\t\t\t\t\t<i aria-hidden=\"true\" class=\"vamtamtheme- vamtam-theme-arrow-right\"><\/i>\t\t\t\t\t\t<\/span>\n\t\t\t\t\t\t\t\t\t\t<span class=\"elementor-icon-list-text\">Ranking m\u00e1ster<\/span>\n\t\t\t\t\t\t\t\t\t\t\t<\/a>\n\t\t\t\t\t\t\t\t\t<\/li>\n\t\t\t\t\t\t<\/ul>\n\t\t\t\t\t\t<\/div>\n\t\t\t\t<\/div>\n\t\t\t\t<\/div>\n\t\t\t\t<\/main>\n\t\t<main class=\"elementor-element elementor-element-c97c232 e-con-full e-flex e-con e-child\" data-id=\"c97c232\" data-element_type=\"container\" data-e-type=\"container\" data-settings=\"{&quot;background_background&quot;:&quot;classic&quot;}\">\n\t\t<div class=\"elementor-element elementor-element-e113092 e-con-full e-flex e-con e-child\" data-id=\"e113092\" data-element_type=\"container\" data-e-type=\"container\" data-settings=\"{&quot;background_background&quot;:&quot;classic&quot;}\">\n\t\t\t\t<div class=\"vamtam-has-theme-widget-styles elementor-element elementor-element-4228f08 elementor-widget elementor-widget-heading\" data-id=\"4228f08\" data-element_type=\"widget\" data-e-type=\"widget\" data-widget_type=\"heading.default\">\n\t\t\t\t<div class=\"elementor-widget-container\">\n\t\t\t\t\t<h2 class=\"elementor-heading-title elementor-size-default\">HIST\u00d3RICO | RANKING (TEMPORADA 24-25)<\/h2>\t\t\t\t<\/div>\n\t\t\t\t<\/div>\n\t\t\t\t<div class=\"elementor-element elementor-element-d19254e elementor-align-start elementor-icon-list--layout-traditional elementor-list-item-link-full_width elementor-widget elementor-widget-icon-list\" data-id=\"d19254e\" data-element_type=\"widget\" data-e-type=\"widget\" data-widget_type=\"icon-list.default\">\n\t\t\t\t<div class=\"elementor-widget-container\">\n\t\t\t\t\t\t\t<ul class=\"elementor-icon-list-items\">\n\t\t\t\t\t\t\t<li class=\"elementor-icon-list-item\">\n\t\t\t\t\t\t\t\t\t\t\t<a href=\"\/wp-content\/uploads\/2025\/12\/2025-05-28-Ranking-Infantil.pdf\" target=\"_blank\">\n\n\t\t\t\t\t\t\t\t\t\t\t\t<span class=\"elementor-icon-list-icon\">\n\t\t\t\t\t\t\t<i aria-hidden=\"true\" class=\"vamtamtheme- vamtam-theme-arrow-right\"><\/i>\t\t\t\t\t\t<\/span>\n\t\t\t\t\t\t\t\t\t\t<span class=\"elementor-icon-list-text\">Ranking infantil<\/span>\n\t\t\t\t\t\t\t\t\t\t\t<\/a>\n\t\t\t\t\t\t\t\t\t<\/li>\n\t\t\t\t\t\t\t\t<li class=\"elementor-icon-list-item\">\n\t\t\t\t\t\t\t\t\t\t\t<a href=\"\/wp-content\/uploads\/2025\/12\/2025-05-28-Ranking-Cadete.pdf\" target=\"_blank\">\n\n\t\t\t\t\t\t\t\t\t\t\t\t<span class=\"elementor-icon-list-icon\">\n\t\t\t\t\t\t\t<i aria-hidden=\"true\" class=\"vamtamtheme- vamtam-theme-arrow-right\"><\/i>\t\t\t\t\t\t<\/span>\n\t\t\t\t\t\t\t\t\t\t<span class=\"elementor-icon-list-text\">Ranking cadete<\/span>\n\t\t\t\t\t\t\t\t\t\t\t<\/a>\n\t\t\t\t\t\t\t\t\t<\/li>\n\t\t\t\t\t\t\t\t<li class=\"elementor-icon-list-item\">\n\t\t\t\t\t\t\t\t\t\t\t<a href=\"\/wp-content\/uploads\/2025\/12\/2025-05-28-Ranking-Juvenil.pdf\" target=\"_blank\">\n\n\t\t\t\t\t\t\t\t\t\t\t\t<span class=\"elementor-icon-list-icon\">\n\t\t\t\t\t\t\t<i aria-hidden=\"true\" class=\"vamtamtheme- vamtam-theme-arrow-right\"><\/i>\t\t\t\t\t\t<\/span>\n\t\t\t\t\t\t\t\t\t\t<span class=\"elementor-icon-list-text\">Ranking juvenil<\/span>\n\t\t\t\t\t\t\t\t\t\t\t<\/a>\n\t\t\t\t\t\t\t\t\t<\/li>\n\t\t\t\t\t\t\t\t<li class=\"elementor-icon-list-item\">\n\t\t\t\t\t\t\t\t\t\t\t<a href=\"\/wp-content\/uploads\/2025\/12\/2025-05-28-Ranking-Distancias-Cortas-Juvenil.pdf\" target=\"_blank\">\n\n\t\t\t\t\t\t\t\t\t\t\t\t<span class=\"elementor-icon-list-icon\">\n\t\t\t\t\t\t\t<i aria-hidden=\"true\" class=\"vamtamtheme- vamtam-theme-arrow-right\"><\/i>\t\t\t\t\t\t<\/span>\n\t\t\t\t\t\t\t\t\t\t<span class=\"elementor-icon-list-text\">Ranking juvenil en Distancias Cortas<\/span>\n\t\t\t\t\t\t\t\t\t\t\t<\/a>\n\t\t\t\t\t\t\t\t\t<\/li>\n\t\t\t\t\t\t\t\t<li class=\"elementor-icon-list-item\">\n\t\t\t\t\t\t\t\t\t\t\t<a href=\"\/wp-content\/uploads\/2025\/12\/2025-05-28-Ranking-Junior.pdf\" target=\"_blank\">\n\n\t\t\t\t\t\t\t\t\t\t\t\t<span class=\"elementor-icon-list-icon\">\n\t\t\t\t\t\t\t<i aria-hidden=\"true\" class=\"vamtamtheme- vamtam-theme-arrow-right\"><\/i>\t\t\t\t\t\t<\/span>\n\t\t\t\t\t\t\t\t\t\t<span class=\"elementor-icon-list-text\">Ranking j\u00fanior<\/span>\n\t\t\t\t\t\t\t\t\t\t\t<\/a>\n\t\t\t\t\t\t\t\t\t<\/li>\n\t\t\t\t\t\t\t\t<li class=\"elementor-icon-list-item\">\n\t\t\t\t\t\t\t\t\t\t\t<a href=\"\/wp-content\/uploads\/2025\/12\/2025-05-28-Ranking-Distancias-Cortas-Junior.pdf\" target=\"_blank\">\n\n\t\t\t\t\t\t\t\t\t\t\t\t<span class=\"elementor-icon-list-icon\">\n\t\t\t\t\t\t\t<i aria-hidden=\"true\" class=\"vamtamtheme- vamtam-theme-arrow-right\"><\/i>\t\t\t\t\t\t<\/span>\n\t\t\t\t\t\t\t\t\t\t<span class=\"elementor-icon-list-text\">Ranking j\u00fanior en Distancias Cortas<\/span>\n\t\t\t\t\t\t\t\t\t\t\t<\/a>\n\t\t\t\t\t\t\t\t\t<\/li>\n\t\t\t\t\t\t\t\t<li class=\"elementor-icon-list-item\">\n\t\t\t\t\t\t\t\t\t\t\t<a href=\"\/wp-content\/uploads\/2025\/12\/2025-05-28-Ranking-Absoluta.pdf\" target=\"_blank\">\n\n\t\t\t\t\t\t\t\t\t\t\t\t<span class=\"elementor-icon-list-icon\">\n\t\t\t\t\t\t\t<i aria-hidden=\"true\" class=\"vamtamtheme- vamtam-theme-arrow-right\"><\/i>\t\t\t\t\t\t<\/span>\n\t\t\t\t\t\t\t\t\t\t<span class=\"elementor-icon-list-text\">Ranking absoluto<\/span>\n\t\t\t\t\t\t\t\t\t\t\t<\/a>\n\t\t\t\t\t\t\t\t\t<\/li>\n\t\t\t\t\t\t\t\t<li class=\"elementor-icon-list-item\">\n\t\t\t\t\t\t\t\t\t\t\t<a href=\"\/wp-content\/uploads\/2025\/12\/2025-05-28-Ranking-Distancias-Cortas-Absoluto.pdf\" target=\"_blank\">\n\n\t\t\t\t\t\t\t\t\t\t\t\t<span class=\"elementor-icon-list-icon\">\n\t\t\t\t\t\t\t<i aria-hidden=\"true\" class=\"vamtamtheme- vamtam-theme-arrow-right\"><\/i>\t\t\t\t\t\t<\/span>\n\t\t\t\t\t\t\t\t\t\t<span class=\"elementor-icon-list-text\">Ranking absoluto en Distancias Cortas<\/span>\n\t\t\t\t\t\t\t\t\t\t\t<\/a>\n\t\t\t\t\t\t\t\t\t<\/li>\n\t\t\t\t\t\t\t\t<li class=\"elementor-icon-list-item\">\n\t\t\t\t\t\t\t\t\t\t\t<a href=\"\/wp-content\/uploads\/2025\/12\/2025-05-28-Ranking-Master.pdf\" target=\"_blank\">\n\n\t\t\t\t\t\t\t\t\t\t\t\t<span class=\"elementor-icon-list-icon\">\n\t\t\t\t\t\t\t<i aria-hidden=\"true\" class=\"vamtamtheme- vamtam-theme-arrow-right\"><\/i>\t\t\t\t\t\t<\/span>\n\t\t\t\t\t\t\t\t\t\t<span class=\"elementor-icon-list-text\">Ranking m\u00e1ster<\/span>\n\t\t\t\t\t\t\t\t\t\t\t<\/a>\n\t\t\t\t\t\t\t\t\t<\/li>\n\t\t\t\t\t\t<\/ul>\n\t\t\t\t\t\t<\/div>\n\t\t\t\t<\/div>\n\t\t\t\t<\/div>\n\t\t\t\t<\/main>\n\t\t\t\t\t<\/div>\n\t\t\t\t<\/div>\n\t\t\t\t<\/div>","protected":false},"excerpt":{"rendered":"<p>ACTUAL (EN VIGOR) RANKING &#8211; TEMPORADA 25-26 Ranking infantil Ranking cadete Ranking juvenil Ranking juvenil en Distancias Cortas Ranking j\u00fanior Ranking j\u00fanior en Distancias Cortas Ranking absoluto Ranking absoluto en Distancias Cortas Ranking m\u00e1ster HIST\u00d3RICO | RANKING (TEMPORADA 24-25) Ranking infantil Ranking cadete Ranking juvenil Ranking juvenil en Distancias Cortas Ranking j\u00fanior Ranking j\u00fanior en&#8230;<\/p>","protected":false},"author":4,"featured_media":987701,"parent":987951,"menu_order":0,"comment_status":"closed","ping_status":"closed","template":"","meta":{"_acf_changed":false,"footnotes":""},"class_list":["post-988182","page","type-page","status-publish","has-post-thumbnail","hentry"],"acf":[],"yoast_head":"<!-- This site is optimized with the Yoast SEO plugin v27.3 - https:\/\/yoast.com\/product\/yoast-seo-wordpress\/ -->\n<title>Ranking - RFESS<\/title>\n<meta name=\"robots\" content=\"index, follow, max-snippet:-1, max-image-preview:large, max-video-preview:-1\" \/>\n<link rel=\"canonical\" href=\"https:\/\/rfess.es\/es\/deporte\/ranking\/\" \/>\n<meta property=\"og:locale\" content=\"es_ES\" \/>\n<meta property=\"og:type\" content=\"article\" \/>\n<meta property=\"og:title\" content=\"Ranking - RFESS\" \/>\n<meta property=\"og:description\" content=\"ACTUAL (EN VIGOR) RANKING &#8211; TEMPORADA 25-26 Ranking infantil Ranking cadete Ranking juvenil Ranking juvenil en Distancias Cortas Ranking j\u00fanior Ranking j\u00fanior en Distancias Cortas Ranking absoluto Ranking absoluto en Distancias Cortas Ranking m\u00e1ster HIST\u00d3RICO | RANKING (TEMPORADA 24-25) Ranking infantil Ranking cadete Ranking juvenil Ranking juvenil en Distancias Cortas Ranking j\u00fanior Ranking j\u00fanior en...\" \/>\n<meta property=\"og:url\" content=\"https:\/\/rfess.es\/es\/deporte\/ranking\/\" \/>\n<meta property=\"og:site_name\" content=\"RFESS\" \/>\n<meta property=\"article:modified_time\" content=\"2026-04-08T16:12:05+00:00\" \/>\n<meta property=\"og:image\" content=\"https:\/\/rfess.es\/wp-content\/uploads\/2025\/10\/ejemplo-heroe-scaled.jpg\" \/>\n\t<meta property=\"og:image:width\" content=\"2560\" \/>\n\t<meta property=\"og:image:height\" content=\"1007\" \/>\n\t<meta property=\"og:image:type\" content=\"image\/jpeg\" \/>\n<meta name=\"twitter:card\" content=\"summary_large_image\" \/>\n<meta name=\"twitter:label1\" content=\"Tiempo de lectura\" \/>\n\t<meta name=\"twitter:data1\" content=\"1 minuto\" \/>\n<script type=\"application\/ld+json\" class=\"yoast-schema-graph\">{\"@context\":\"https:\\\/\\\/schema.org\",\"@graph\":[{\"@type\":\"WebPage\",\"@id\":\"https:\\\/\\\/rfess.es\\\/deporte\\\/ranking\\\/\",\"url\":\"https:\\\/\\\/rfess.es\\\/deporte\\\/ranking\\\/\",\"name\":\"Ranking - RFESS\",\"isPartOf\":{\"@id\":\"https:\\\/\\\/rfess.es\\\/#website\"},\"primaryImageOfPage\":{\"@id\":\"https:\\\/\\\/rfess.es\\\/deporte\\\/ranking\\\/#primaryimage\"},\"image\":{\"@id\":\"https:\\\/\\\/rfess.es\\\/deporte\\\/ranking\\\/#primaryimage\"},\"thumbnailUrl\":\"https:\\\/\\\/rfess.es\\\/wp-content\\\/uploads\\\/2025\\\/10\\\/ejemplo-heroe-scaled.jpg\",\"datePublished\":\"2025-12-02T08:17:12+00:00\",\"dateModified\":\"2026-04-08T16:12:05+00:00\",\"breadcrumb\":{\"@id\":\"https:\\\/\\\/rfess.es\\\/deporte\\\/ranking\\\/#breadcrumb\"},\"inLanguage\":\"es\",\"potentialAction\":[{\"@type\":\"ReadAction\",\"target\":[\"https:\\\/\\\/rfess.es\\\/deporte\\\/ranking\\\/\"]}]},{\"@type\":\"ImageObject\",\"inLanguage\":\"es\",\"@id\":\"https:\\\/\\\/rfess.es\\\/deporte\\\/ranking\\\/#primaryimage\",\"url\":\"https:\\\/\\\/rfess.es\\\/wp-content\\\/uploads\\\/2025\\\/10\\\/ejemplo-heroe-scaled.jpg\",\"contentUrl\":\"https:\\\/\\\/rfess.es\\\/wp-content\\\/uploads\\\/2025\\\/10\\\/ejemplo-heroe-scaled.jpg\",\"width\":2560,\"height\":1007},{\"@type\":\"BreadcrumbList\",\"@id\":\"https:\\\/\\\/rfess.es\\\/deporte\\\/ranking\\\/#breadcrumb\",\"itemListElement\":[{\"@type\":\"ListItem\",\"position\":1,\"name\":\"Portada\",\"item\":\"https:\\\/\\\/rfess.es\\\/\"},{\"@type\":\"ListItem\",\"position\":2,\"name\":\"Deporte\",\"item\":\"https:\\\/\\\/rfess.es\\\/deporte\\\/\"},{\"@type\":\"ListItem\",\"position\":3,\"name\":\"Ranking\"}]},{\"@type\":\"WebSite\",\"@id\":\"https:\\\/\\\/rfess.es\\\/#website\",\"url\":\"https:\\\/\\\/rfess.es\\\/\",\"name\":\"RFESS\",\"description\":\"Real Federaci\u00f3n Espa\u00f1ola de Salvamento y Socorrismo RFESS\",\"publisher\":{\"@id\":\"https:\\\/\\\/rfess.es\\\/#organization\"},\"potentialAction\":[{\"@type\":\"SearchAction\",\"target\":{\"@type\":\"EntryPoint\",\"urlTemplate\":\"https:\\\/\\\/rfess.es\\\/?s={search_term_string}\"},\"query-input\":{\"@type\":\"PropertyValueSpecification\",\"valueRequired\":true,\"valueName\":\"search_term_string\"}}],\"inLanguage\":\"es\"},{\"@type\":\"Organization\",\"@id\":\"https:\\\/\\\/rfess.es\\\/#organization\",\"name\":\"RFESS\",\"url\":\"https:\\\/\\\/rfess.es\\\/\",\"logo\":{\"@type\":\"ImageObject\",\"inLanguage\":\"es\",\"@id\":\"https:\\\/\\\/rfess.es\\\/#\\\/schema\\\/logo\\\/image\\\/\",\"url\":\"https:\\\/\\\/rfess.es\\\/wp-content\\\/uploads\\\/2025\\\/10\\\/logo-rfess.png\",\"contentUrl\":\"https:\\\/\\\/rfess.es\\\/wp-content\\\/uploads\\\/2025\\\/10\\\/logo-rfess.png\",\"width\":544,\"height\":180,\"caption\":\"RFESS\"},\"image\":{\"@id\":\"https:\\\/\\\/rfess.es\\\/#\\\/schema\\\/logo\\\/image\\\/\"}}]}<\/script>\n<!-- \/ Yoast SEO plugin. -->","yoast_head_json":{"title":"Ranking - RFESS","robots":{"index":"index","follow":"follow","max-snippet":"max-snippet:-1","max-image-preview":"max-image-preview:large","max-video-preview":"max-video-preview:-1"},"canonical":"https:\/\/rfess.es\/es\/deporte\/ranking\/","og_locale":"es_ES","og_type":"article","og_title":"Ranking - RFESS","og_description":"ACTUAL (EN VIGOR) RANKING &#8211; TEMPORADA 25-26 Ranking infantil Ranking cadete Ranking juvenil Ranking juvenil en Distancias Cortas Ranking j\u00fanior Ranking j\u00fanior en Distancias Cortas Ranking absoluto Ranking absoluto en Distancias Cortas Ranking m\u00e1ster HIST\u00d3RICO | RANKING (TEMPORADA 24-25) Ranking infantil Ranking cadete Ranking juvenil Ranking juvenil en Distancias Cortas Ranking j\u00fanior Ranking j\u00fanior en...","og_url":"https:\/\/rfess.es\/es\/deporte\/ranking\/","og_site_name":"RFESS","article_modified_time":"2026-04-08T16:12:05+00:00","og_image":[{"width":2560,"height":1007,"url":"https:\/\/rfess.es\/wp-content\/uploads\/2025\/10\/ejemplo-heroe-scaled.jpg","type":"image\/jpeg"}],"twitter_card":"summary_large_image","twitter_misc":{"Tiempo de lectura":"1 minuto"},"schema":{"@context":"https:\/\/schema.org","@graph":[{"@type":"WebPage","@id":"https:\/\/rfess.es\/deporte\/ranking\/","url":"https:\/\/rfess.es\/deporte\/ranking\/","name":"Ranking - RFESS","isPartOf":{"@id":"https:\/\/rfess.es\/#website"},"primaryImageOfPage":{"@id":"https:\/\/rfess.es\/deporte\/ranking\/#primaryimage"},"image":{"@id":"https:\/\/rfess.es\/deporte\/ranking\/#primaryimage"},"thumbnailUrl":"https:\/\/rfess.es\/wp-content\/uploads\/2025\/10\/ejemplo-heroe-scaled.jpg","datePublished":"2025-12-02T08:17:12+00:00","dateModified":"2026-04-08T16:12:05+00:00","breadcrumb":{"@id":"https:\/\/rfess.es\/deporte\/ranking\/#breadcrumb"},"inLanguage":"es","potentialAction":[{"@type":"ReadAction","target":["https:\/\/rfess.es\/deporte\/ranking\/"]}]},{"@type":"ImageObject","inLanguage":"es","@id":"https:\/\/rfess.es\/deporte\/ranking\/#primaryimage","url":"https:\/\/rfess.es\/wp-content\/uploads\/2025\/10\/ejemplo-heroe-scaled.jpg","contentUrl":"https:\/\/rfess.es\/wp-content\/uploads\/2025\/10\/ejemplo-heroe-scaled.jpg","width":2560,"height":1007},{"@type":"BreadcrumbList","@id":"https:\/\/rfess.es\/deporte\/ranking\/#breadcrumb","itemListElement":[{"@type":"ListItem","position":1,"name":"Portada","item":"https:\/\/rfess.es\/"},{"@type":"ListItem","position":2,"name":"Deporte","item":"https:\/\/rfess.es\/deporte\/"},{"@type":"ListItem","position":3,"name":"Ranking"}]},{"@type":"WebSite","@id":"https:\/\/rfess.es\/#website","url":"https:\/\/rfess.es\/","name":"RFESS","description":"Real Federaci\u00f3n Espa\u00f1ola de Salvamento y Socorrismo RFESS","publisher":{"@id":"https:\/\/rfess.es\/#organization"},"potentialAction":[{"@type":"SearchAction","target":{"@type":"EntryPoint","urlTemplate":"https:\/\/rfess.es\/?s={search_term_string}"},"query-input":{"@type":"PropertyValueSpecification","valueRequired":true,"valueName":"search_term_string"}}],"inLanguage":"es"},{"@type":"Organization","@id":"https:\/\/rfess.es\/#organization","name":"RFESS","url":"https:\/\/rfess.es\/","logo":{"@type":"ImageObject","inLanguage":"es","@id":"https:\/\/rfess.es\/#\/schema\/logo\/image\/","url":"https:\/\/rfess.es\/wp-content\/uploads\/2025\/10\/logo-rfess.png","contentUrl":"https:\/\/rfess.es\/wp-content\/uploads\/2025\/10\/logo-rfess.png","width":544,"height":180,"caption":"RFESS"},"image":{"@id":"https:\/\/rfess.es\/#\/schema\/logo\/image\/"}}]}},"_links":{"self":[{"href":"https:\/\/rfess.es\/es\/wp-json\/wp\/v2\/pages\/988182","targetHints":{"allow":["GET"]}}],"collection":[{"href":"https:\/\/rfess.es\/es\/wp-json\/wp\/v2\/pages"}],"about":[{"href":"https:\/\/rfess.es\/es\/wp-json\/wp\/v2\/types\/page"}],"author":[{"embeddable":true,"href":"https:\/\/rfess.es\/es\/wp-json\/wp\/v2\/users\/4"}],"replies":[{"embeddable":true,"href":"https:\/\/rfess.es\/es\/wp-json\/wp\/v2\/comments?post=988182"}],"version-history":[{"count":40,"href":"https:\/\/rfess.es\/es\/wp-json\/wp\/v2\/pages\/988182\/revisions"}],"predecessor-version":[{"id":991058,"href":"https:\/\/rfess.es\/es\/wp-json\/wp\/v2\/pages\/988182\/revisions\/991058"}],"up":[{"embeddable":true,"href":"https:\/\/rfess.es\/es\/wp-json\/wp\/v2\/pages\/987951"}],"wp:featuredmedia":[{"embeddable":true,"href":"https:\/\/rfess.es\/es\/wp-json\/wp\/v2\/media\/987701"}],"wp:attachment":[{"href":"https:\/\/rfess.es\/es\/wp-json\/wp\/v2\/media?parent=988182"}],"curies":[{"name":"wp","href":"https:\/\/api.w.org\/{rel}","templated":true}]}}