{"id":987676,"date":"2025-10-28T12:40:00","date_gmt":"2025-10-28T11:40:00","guid":{"rendered":"https:\/\/dev.rfess.es\/?page_id=987676"},"modified":"2026-04-01T13:15:50","modified_gmt":"2026-04-01T11:15:50","slug":"politica-de-cookies","status":"publish","type":"page","link":"https:\/\/rfess.es\/es\/politica-de-cookies\/","title":{"rendered":"Pol\u00edtica de Cookies"},"content":{"rendered":"<div data-elementor-type=\"wp-page\" data-elementor-id=\"987676\" class=\"elementor elementor-987676\" data-elementor-post-type=\"page\">\n\t\t\t\t<div class=\"elementor-element elementor-element-b027b4f e-flex e-con-boxed e-con e-parent\" data-id=\"b027b4f\" data-element_type=\"container\" data-e-type=\"container\">\n\t\t\t\t\t<div class=\"e-con-inner\">\n\t\t\t\t<div class=\"vamtam-has-theme-widget-styles elementor-element elementor-element-504c990 elementor-widget elementor-widget-heading\" data-id=\"504c990\" data-element_type=\"widget\" data-e-type=\"widget\" data-widget_type=\"heading.default\">\n\t\t\t\t<div class=\"elementor-widget-container\">\n\t\t\t\t\t<h2 class=\"elementor-heading-title elementor-size-default\"> \u00bfQu\u00e9 son las cookies y rastreadores?<\/h2>\t\t\t\t<\/div>\n\t\t\t\t<\/div>\n\t\t\t\t<div class=\"vamtam-has-theme-widget-styles elementor-element elementor-element-bb99db1 elementor-widget elementor-widget-text-editor\" data-id=\"bb99db1\" data-element_type=\"widget\" data-e-type=\"widget\" data-widget_type=\"text-editor.default\">\n\t\t\t\t<div class=\"elementor-widget-container\">\n\t\t\t\t\t\t\t\t\t<p>Las cookies y tecnolog\u00edas similares (scripts, p\u00edxeles, SDKs, almacenamiento local) son mecanismos que permiten almacenar o recuperar informaci\u00f3n del dispositivo del usuario o acceder a datos derivados de su navegaci\u00f3n, con finalidades t\u00e9cnicas, anal\u00edticas, personalizaci\u00f3n o publicidad.<\/p>\t\t\t\t\t\t\t\t<\/div>\n\t\t\t\t<\/div>\n\t\t\t\t<div class=\"vamtam-has-theme-widget-styles elementor-element elementor-element-86a1caf elementor-widget elementor-widget-heading\" data-id=\"86a1caf\" data-element_type=\"widget\" data-e-type=\"widget\" data-widget_type=\"heading.default\">\n\t\t\t\t<div class=\"elementor-widget-container\">\n\t\t\t\t\t<h2 class=\"elementor-heading-title elementor-size-default\">\u00bfQu\u00e9 cookies utiliza este sitio?<\/h2>\t\t\t\t<\/div>\n\t\t\t\t<\/div>\n\t\t\t\t<div class=\"vamtam-has-theme-widget-styles elementor-element elementor-element-efe1453 elementor-widget elementor-widget-text-editor\" data-id=\"efe1453\" data-element_type=\"widget\" data-e-type=\"widget\" data-widget_type=\"text-editor.default\">\n\t\t\t\t<div class=\"elementor-widget-container\">\n\t\t\t\t\t\t\t\t\t<p>Para cumplir con la normativa, es imprescindible disponer de un inventario real y actualizado de cookies\/rastreadores. Este inventario debe completarse con ayuda del desarrollador\/hosting y\/o auditor\u00eda t\u00e9cnica. Mientras no se complete, el cumplimiento queda incompleto.<\/p>\t\t\t\t\t\t\t\t<\/div>\n\t\t\t\t<\/div>\n\t\t\t\t<div class=\"vamtam-has-theme-widget-styles elementor-element elementor-element-dc1ffbf elementor-widget elementor-widget-text-editor\" data-id=\"dc1ffbf\" data-element_type=\"widget\" data-e-type=\"widget\" data-widget_type=\"text-editor.default\">\n\t\t\t\t<div class=\"elementor-widget-container\">\n\t\t\t\t\t\t\t\t\t<table><tbody><tr><td><b>Proveedor<\/b><\/td><td><b>Cookie<\/b><\/td><td><b>Finalidad<\/b><\/td><td><b>Duraci\u00f3n<\/b><\/td><\/tr><tr><td><span data-sheets-root=\"1\">rfess.es (Propia)<\/span><\/td><td><strong>cmplz_banner-status, cmplz_consented_services, cmplz_functional, cmplz_marketing, cmplz_policy_id, cmplz_preferences, cmplz_statistics<\/strong><\/td><td>Almacenar y recordar las preferencias de consentimiento de cookies del usuario (plugin Complianz).<\/td><td>1 a\u00f1o<\/td><\/tr><tr><td><span data-sheets-root=\"1\">rfess.es (Propia)<\/span><\/td><td><strong>ep_session_id<\/strong><\/td><td>Mantener el estado de la sesi\u00f3n del usuario a trav\u00e9s de las distintas peticiones a la p\u00e1gina para garantizar el correcto funcionamiento de la web (suele ser de Elementor).<\/td><td>Sesi\u00f3n<\/td><\/tr><\/tbody><\/table>\t\t\t\t\t\t\t\t<\/div>\n\t\t\t\t<\/div>\n\t\t\t\t<div class=\"vamtam-has-theme-widget-styles elementor-element elementor-element-0dab539 elementor-widget elementor-widget-heading\" data-id=\"0dab539\" data-element_type=\"widget\" data-e-type=\"widget\" data-widget_type=\"heading.default\">\n\t\t\t\t<div class=\"elementor-widget-container\">\n\t\t\t\t\t<h2 class=\"elementor-heading-title elementor-size-default\">Gesti\u00f3n del consentimiento (CMP)<\/h2>\t\t\t\t<\/div>\n\t\t\t\t<\/div>\n\t\t\t\t<div class=\"vamtam-has-theme-widget-styles elementor-element elementor-element-f494f85 elementor-widget elementor-widget-text-editor\" data-id=\"f494f85\" data-element_type=\"widget\" data-e-type=\"widget\" data-widget_type=\"text-editor.default\">\n\t\t\t\t<div class=\"elementor-widget-container\">\n\t\t\t\t\t\t\t\t\t<ul><li>Debe mostrarse un banner\/capa inicial que permita ACEPTAR y RECHAZAR cookies no<br \/>necesarias al mismo nivel (misma capa, misma prominencia).<\/li><li>Debe existir un panel granular por categor\u00edas y, cuando proceda, por proveedores.<\/li><li>Las cookies no necesarias deben estar BLOQUEADAS por defecto hasta que el usuario<br \/>consienta.<\/li><li>Debe poder retirarse el consentimiento tan f\u00e1cilmente como se otorga (enlace permanente<br \/>\u2018Configurar cookies\u2019).<\/li><li>Debe conservarse evidencia t\u00e9cnica del consentimiento (registro) cuando sea necesario<\/li><\/ul>\t\t\t\t\t\t\t\t<\/div>\n\t\t\t\t<\/div>\n\t\t\t\t<div class=\"vamtam-has-theme-widget-styles elementor-element elementor-element-79f1137 elementor-widget elementor-widget-heading\" data-id=\"79f1137\" data-element_type=\"widget\" data-e-type=\"widget\" data-widget_type=\"heading.default\">\n\t\t\t\t<div class=\"elementor-widget-container\">\n\t\t\t\t\t<h2 class=\"elementor-heading-title elementor-size-default\">C\u00f3mo cambiar la configuraci\u00f3n<\/h2>\t\t\t\t<\/div>\n\t\t\t\t<\/div>\n\t\t\t\t<div class=\"vamtam-has-theme-widget-styles elementor-element elementor-element-0193df7 elementor-widget elementor-widget-text-editor\" data-id=\"0193df7\" data-element_type=\"widget\" data-e-type=\"widget\" data-widget_type=\"text-editor.default\">\n\t\t\t\t<div class=\"elementor-widget-container\">\n\t\t\t\t\t\t\t\t\t<p>El usuario puede cambiar su elecci\u00f3n en cualquier momento desde el enlace permanente de<br \/>configuraci\u00f3n de cookies del sitio. Adicionalmente, puede gestionar cookies desde su navegador,<br \/>teniendo en cuenta que el borrado puede afectar al funcionamiento.<\/p>\t\t\t\t\t\t\t\t<\/div>\n\t\t\t\t<\/div>\n\t\t\t\t<div class=\"vamtam-has-theme-widget-styles elementor-element elementor-element-5a099fb elementor-widget elementor-widget-heading\" data-id=\"5a099fb\" data-element_type=\"widget\" data-e-type=\"widget\" data-widget_type=\"heading.default\">\n\t\t\t\t<div class=\"elementor-widget-container\">\n\t\t\t\t\t<h2 class=\"elementor-heading-title elementor-size-default\">Actualizaciones<\/h2>\t\t\t\t<\/div>\n\t\t\t\t<\/div>\n\t\t\t\t<div class=\"vamtam-has-theme-widget-styles elementor-element elementor-element-439e96c elementor-widget elementor-widget-text-editor\" data-id=\"439e96c\" data-element_type=\"widget\" data-e-type=\"widget\" data-widget_type=\"text-editor.default\">\n\t\t\t\t<div class=\"elementor-widget-container\">\n\t\t\t\t\t\t\t\t\t<p>La pol\u00edtica debe revisarse cuando cambien las cookies, proveedores o finalidades. Se recomienda<br \/>indicar fecha de \u00faltima actualizaci\u00f3n.<\/p>\t\t\t\t\t\t\t\t<\/div>\n\t\t\t\t<\/div>\n\t\t\t\t\t<\/div>\n\t\t\t\t<\/div>\n\t\t\t\t<\/div>","protected":false},"excerpt":{"rendered":"<p>\u00bfQu\u00e9 son las cookies y rastreadores? Las cookies y tecnolog\u00edas similares (scripts, p\u00edxeles, SDKs, almacenamiento local) son mecanismos que permiten almacenar o recuperar informaci\u00f3n del dispositivo del usuario o acceder a datos derivados de su navegaci\u00f3n, con finalidades t\u00e9cnicas, anal\u00edticas, personalizaci\u00f3n o publicidad. \u00bfQu\u00e9 cookies utiliza este sitio? Para cumplir con la normativa, es imprescindible&#8230;<\/p>","protected":false},"author":4,"featured_media":0,"parent":0,"menu_order":0,"comment_status":"closed","ping_status":"closed","template":"","meta":{"_acf_changed":false,"footnotes":""},"class_list":["post-987676","page","type-page","status-publish","hentry"],"acf":[],"yoast_head":"<!-- This site is optimized with the Yoast SEO plugin v27.3 - https:\/\/yoast.com\/product\/yoast-seo-wordpress\/ -->\n<title>Pol\u00edtica de Cookies - RFESS<\/title>\n<meta name=\"robots\" content=\"index, follow, max-snippet:-1, max-image-preview:large, max-video-preview:-1\" \/>\n<link rel=\"canonical\" href=\"https:\/\/rfess.es\/es\/politica-de-cookies\/\" \/>\n<meta property=\"og:locale\" content=\"es_ES\" \/>\n<meta property=\"og:type\" content=\"article\" \/>\n<meta property=\"og:title\" content=\"Pol\u00edtica de Cookies - RFESS\" \/>\n<meta property=\"og:description\" content=\"\u00bfQu\u00e9 son las cookies y rastreadores? Las cookies y tecnolog\u00edas similares (scripts, p\u00edxeles, SDKs, almacenamiento local) son mecanismos que permiten almacenar o recuperar informaci\u00f3n del dispositivo del usuario o acceder a datos derivados de su navegaci\u00f3n, con finalidades t\u00e9cnicas, anal\u00edticas, personalizaci\u00f3n o publicidad. \u00bfQu\u00e9 cookies utiliza este sitio? Para cumplir con la normativa, es imprescindible...\" \/>\n<meta property=\"og:url\" content=\"https:\/\/rfess.es\/es\/politica-de-cookies\/\" \/>\n<meta property=\"og:site_name\" content=\"RFESS\" \/>\n<meta property=\"article:modified_time\" content=\"2026-04-01T11:15:50+00:00\" \/>\n<meta name=\"twitter:card\" content=\"summary_large_image\" \/>\n<meta name=\"twitter:label1\" content=\"Tiempo de lectura\" \/>\n\t<meta name=\"twitter:data1\" content=\"2 minutos\" \/>\n<script type=\"application\/ld+json\" class=\"yoast-schema-graph\">{\"@context\":\"https:\\\/\\\/schema.org\",\"@graph\":[{\"@type\":\"WebPage\",\"@id\":\"https:\\\/\\\/rfess.es\\\/politica-de-cookies\\\/\",\"url\":\"https:\\\/\\\/rfess.es\\\/politica-de-cookies\\\/\",\"name\":\"Pol\u00edtica de Cookies - RFESS\",\"isPartOf\":{\"@id\":\"https:\\\/\\\/rfess.es\\\/#website\"},\"datePublished\":\"2025-10-28T11:40:00+00:00\",\"dateModified\":\"2026-04-01T11:15:50+00:00\",\"breadcrumb\":{\"@id\":\"https:\\\/\\\/rfess.es\\\/politica-de-cookies\\\/#breadcrumb\"},\"inLanguage\":\"es\",\"potentialAction\":[{\"@type\":\"ReadAction\",\"target\":[\"https:\\\/\\\/rfess.es\\\/politica-de-cookies\\\/\"]}]},{\"@type\":\"BreadcrumbList\",\"@id\":\"https:\\\/\\\/rfess.es\\\/politica-de-cookies\\\/#breadcrumb\",\"itemListElement\":[{\"@type\":\"ListItem\",\"position\":1,\"name\":\"Portada\",\"item\":\"https:\\\/\\\/rfess.es\\\/\"},{\"@type\":\"ListItem\",\"position\":2,\"name\":\"Pol\u00edtica de Cookies\"}]},{\"@type\":\"WebSite\",\"@id\":\"https:\\\/\\\/rfess.es\\\/#website\",\"url\":\"https:\\\/\\\/rfess.es\\\/\",\"name\":\"RFESS\",\"description\":\"Real Federaci\u00f3n Espa\u00f1ola de Salvamento y Socorrismo RFESS\",\"publisher\":{\"@id\":\"https:\\\/\\\/rfess.es\\\/#organization\"},\"potentialAction\":[{\"@type\":\"SearchAction\",\"target\":{\"@type\":\"EntryPoint\",\"urlTemplate\":\"https:\\\/\\\/rfess.es\\\/?s={search_term_string}\"},\"query-input\":{\"@type\":\"PropertyValueSpecification\",\"valueRequired\":true,\"valueName\":\"search_term_string\"}}],\"inLanguage\":\"es\"},{\"@type\":\"Organization\",\"@id\":\"https:\\\/\\\/rfess.es\\\/#organization\",\"name\":\"RFESS\",\"url\":\"https:\\\/\\\/rfess.es\\\/\",\"logo\":{\"@type\":\"ImageObject\",\"inLanguage\":\"es\",\"@id\":\"https:\\\/\\\/rfess.es\\\/#\\\/schema\\\/logo\\\/image\\\/\",\"url\":\"https:\\\/\\\/rfess.es\\\/wp-content\\\/uploads\\\/2025\\\/10\\\/logo-rfess.png\",\"contentUrl\":\"https:\\\/\\\/rfess.es\\\/wp-content\\\/uploads\\\/2025\\\/10\\\/logo-rfess.png\",\"width\":544,\"height\":180,\"caption\":\"RFESS\"},\"image\":{\"@id\":\"https:\\\/\\\/rfess.es\\\/#\\\/schema\\\/logo\\\/image\\\/\"}}]}<\/script>\n<!-- \/ Yoast SEO plugin. -->","yoast_head_json":{"title":"Pol\u00edtica de Cookies - RFESS","robots":{"index":"index","follow":"follow","max-snippet":"max-snippet:-1","max-image-preview":"max-image-preview:large","max-video-preview":"max-video-preview:-1"},"canonical":"https:\/\/rfess.es\/es\/politica-de-cookies\/","og_locale":"es_ES","og_type":"article","og_title":"Pol\u00edtica de Cookies - RFESS","og_description":"\u00bfQu\u00e9 son las cookies y rastreadores? Las cookies y tecnolog\u00edas similares (scripts, p\u00edxeles, SDKs, almacenamiento local) son mecanismos que permiten almacenar o recuperar informaci\u00f3n del dispositivo del usuario o acceder a datos derivados de su navegaci\u00f3n, con finalidades t\u00e9cnicas, anal\u00edticas, personalizaci\u00f3n o publicidad. \u00bfQu\u00e9 cookies utiliza este sitio? Para cumplir con la normativa, es imprescindible...","og_url":"https:\/\/rfess.es\/es\/politica-de-cookies\/","og_site_name":"RFESS","article_modified_time":"2026-04-01T11:15:50+00:00","twitter_card":"summary_large_image","twitter_misc":{"Tiempo de lectura":"2 minutos"},"schema":{"@context":"https:\/\/schema.org","@graph":[{"@type":"WebPage","@id":"https:\/\/rfess.es\/politica-de-cookies\/","url":"https:\/\/rfess.es\/politica-de-cookies\/","name":"Pol\u00edtica de Cookies - RFESS","isPartOf":{"@id":"https:\/\/rfess.es\/#website"},"datePublished":"2025-10-28T11:40:00+00:00","dateModified":"2026-04-01T11:15:50+00:00","breadcrumb":{"@id":"https:\/\/rfess.es\/politica-de-cookies\/#breadcrumb"},"inLanguage":"es","potentialAction":[{"@type":"ReadAction","target":["https:\/\/rfess.es\/politica-de-cookies\/"]}]},{"@type":"BreadcrumbList","@id":"https:\/\/rfess.es\/politica-de-cookies\/#breadcrumb","itemListElement":[{"@type":"ListItem","position":1,"name":"Portada","item":"https:\/\/rfess.es\/"},{"@type":"ListItem","position":2,"name":"Pol\u00edtica de Cookies"}]},{"@type":"WebSite","@id":"https:\/\/rfess.es\/#website","url":"https:\/\/rfess.es\/","name":"RFESS","description":"Real Federaci\u00f3n Espa\u00f1ola de Salvamento y Socorrismo RFESS","publisher":{"@id":"https:\/\/rfess.es\/#organization"},"potentialAction":[{"@type":"SearchAction","target":{"@type":"EntryPoint","urlTemplate":"https:\/\/rfess.es\/?s={search_term_string}"},"query-input":{"@type":"PropertyValueSpecification","valueRequired":true,"valueName":"search_term_string"}}],"inLanguage":"es"},{"@type":"Organization","@id":"https:\/\/rfess.es\/#organization","name":"RFESS","url":"https:\/\/rfess.es\/","logo":{"@type":"ImageObject","inLanguage":"es","@id":"https:\/\/rfess.es\/#\/schema\/logo\/image\/","url":"https:\/\/rfess.es\/wp-content\/uploads\/2025\/10\/logo-rfess.png","contentUrl":"https:\/\/rfess.es\/wp-content\/uploads\/2025\/10\/logo-rfess.png","width":544,"height":180,"caption":"RFESS"},"image":{"@id":"https:\/\/rfess.es\/#\/schema\/logo\/image\/"}}]}},"_links":{"self":[{"href":"https:\/\/rfess.es\/es\/wp-json\/wp\/v2\/pages\/987676","targetHints":{"allow":["GET"]}}],"collection":[{"href":"https:\/\/rfess.es\/es\/wp-json\/wp\/v2\/pages"}],"about":[{"href":"https:\/\/rfess.es\/es\/wp-json\/wp\/v2\/types\/page"}],"author":[{"embeddable":true,"href":"https:\/\/rfess.es\/es\/wp-json\/wp\/v2\/users\/4"}],"replies":[{"embeddable":true,"href":"https:\/\/rfess.es\/es\/wp-json\/wp\/v2\/comments?post=987676"}],"version-history":[{"count":28,"href":"https:\/\/rfess.es\/es\/wp-json\/wp\/v2\/pages\/987676\/revisions"}],"predecessor-version":[{"id":991039,"href":"https:\/\/rfess.es\/es\/wp-json\/wp\/v2\/pages\/987676\/revisions\/991039"}],"wp:attachment":[{"href":"https:\/\/rfess.es\/es\/wp-json\/wp\/v2\/media?parent=987676"}],"curies":[{"name":"wp","href":"https:\/\/api.w.org\/{rel}","templated":true}]}}